
{"id":794,"date":"2020-05-13T17:10:53","date_gmt":"2020-05-13T15:10:53","guid":{"rendered":"https:\/\/www.digifai.com\/?page_id=794"},"modified":"2025-05-05T08:21:17","modified_gmt":"2025-05-05T06:21:17","slug":"webinare","status":"publish","type":"page","link":"https:\/\/www.digifai.com\/de\/webinare\/","title":{"rendered":"Webinare"},"content":{"rendered":"<div class=\"wpb-content-wrapper\"><p>[vc_row bg_type=&#8220;image&#8220; bg_image=&#8220;833&#8243; color_overlay=&#8220;primary-1&#8243; opacity_overlay=&#8220;30&#8243; padding_top_multiplier=&#8220;6x&#8220; padding_bottom_multiplier=&#8220;6x&#8220; columns_gap=&#8220;none&#8220; full_width=&#8220;stretch_row&#8220; parallax=&#8220;content-moving&#8220; css=&#8220;.vc_custom_1475570180820{padding-top: 100px !important;padding-bottom: 100px !important;background: #5e5e5e url(https:\/\/www.digifai.com\/wp-content\/uploads\/2015\/09\/hero-section-call-to-action-3268.jpg?id=769);background-position: center;background-repeat: no-repeat !important;background-size: cover !important;}&#8220; el_class=&#8220;hero-small&#8220;][vc_column vertical_content_position=&#8220;middle&#8220;][vc_custom_heading text=&#8220;Webinare&#8220; font_container=&#8220;tag:h1|text_align:left|color:%23ffffff&#8220; use_theme_fonts=&#8220;yes&#8220; el_class=&#8220;headline-hero-small&#8220;][\/vc_column][\/vc_row][vc_row padding_top_multiplier=&#8220;4x&#8220; padding_bottom_multiplier=&#8220;&#8220; section_id=&#8220;introtext&#8220;][vc_column css=&#8220;.vc_custom_1589393438091{margin-top: 60px !important;}&#8220;]<h3 class=\"eut-element eut-title eut-align-left eut-subtitle-text subhead\" style=\"\"><span>\/\/ Webinare<\/span><\/h3><h2 class=\"eut-element eut-title eut-align-left eut-h2\" style=\"margin-bottom: 30px;\"><span>Webinare<\/span><\/h2>[vc_column_text]Lernen Sie uns und unsere L\u00f6sungen in einem der folgenden Webinare kennen. Wir legen Hand an, f\u00fchren unsere Produkte live vor und beantworten Ihre Fragen in einer gem\u00fctlichen Atmosph\u00e4re. Wir freuen uns darauf, Sie kennen zu lernen![\/vc_column_text][\/vc_column][\/vc_row][vc_row padding_top_multiplier=&#8220;3x&#8220; padding_bottom_multiplier=&#8220;&#8220;][vc_column]<div class=\"eut-element eut-image-text eut-drop-shadow-large eut-layout-1 eut-align-right\" style=\"\"><div class=\"eut-image eut-position-right\"><img loading=\"lazy\" decoding=\"async\" width=\"1080\" height=\"433\" src=\"https:\/\/www.digifai.com\/wp-content\/uploads\/2020\/05\/Monitoring-with-control.png\" class=\"attachment-full size-full\" alt=\"Monitoring with control\" srcset=\"https:\/\/www.digifai.com\/wp-content\/uploads\/2020\/05\/Monitoring-with-control.png 1080w, https:\/\/www.digifai.com\/wp-content\/uploads\/2020\/05\/Monitoring-with-control-300x120.png 300w, https:\/\/www.digifai.com\/wp-content\/uploads\/2020\/05\/Monitoring-with-control-1024x411.png 1024w, https:\/\/www.digifai.com\/wp-content\/uploads\/2020\/05\/Monitoring-with-control-768x308.png 768w\" sizes=\"auto, (max-width: 1080px) 100vw, 1080px\" \/><\/div>  <div class=\"eut-content eut-position-left eut-align-left\"><h2 class=\"eut-title eut-heading-color eut-h4\">Wie Sie lokale Datensch\u00e4tze heben und nutzbar machen<\/h2>  <p class=\"eut-description\">Dauer: 1h | kostenlos<\/p><a href=\"https:\/\/www.digifai.com\/de\/webinare\/wie-sie-lokale-datenschaetze-heben-und-nutzbar-machen\/\" title=\"Webinar zur Simulationssoftware twin\" class=\"eut-link-text eut-read-more webinare-textbutton\">Mehr erfahren<\/a>  <\/div><\/div>[\/vc_column][\/vc_row][vc_row padding_bottom_multiplier=&#8220;&#8220;][vc_column]<div class=\"eut-element eut-image-text eut-drop-shadow-large eut-layout-1 eut-align-right\" style=\"\"><div class=\"eut-image eut-position-right\"><img loading=\"lazy\" decoding=\"async\" width=\"840\" height=\"440\" src=\"https:\/\/www.digifai.com\/wp-content\/uploads\/2020\/05\/Webinar-Virtuelle-Inbetriebnahme.png\" class=\"attachment-full size-full\" alt=\"Virtuelle Inbetriebnahme am digitalen Zwilling\" srcset=\"https:\/\/www.digifai.com\/wp-content\/uploads\/2020\/05\/Webinar-Virtuelle-Inbetriebnahme.png 840w, https:\/\/www.digifai.com\/wp-content\/uploads\/2020\/05\/Webinar-Virtuelle-Inbetriebnahme-300x157.png 300w, https:\/\/www.digifai.com\/wp-content\/uploads\/2020\/05\/Webinar-Virtuelle-Inbetriebnahme-768x402.png 768w\" sizes=\"auto, (max-width: 840px) 100vw, 840px\" \/><\/div>  <div class=\"eut-content eut-position-left eut-align-left\"><h2 class=\"eut-title eut-heading-color eut-h4\">Virtuelle Inbetriebnahme am digitalen Zwilling in 3D<\/h2>  <p class=\"eut-description\">Dauer: 1h | kostenlos<\/p><a href=\"https:\/\/www.digifai.com\/de\/webinare\/virtuelle-inbetriebnahme-am-digitalen-zwilling\/\" title=\"Webinar zur Simulationssoftware twin\" class=\"eut-link-text eut-read-more webinare-textbutton\">Mehr erfahren<\/a>  <\/div><\/div>[\/vc_column][\/vc_row][vc_row][vc_column]<div class=\"eut-empty-space eut-height-6x\" style=\"\"><\/div>[\/vc_column][\/vc_row][vc_row heading_color=&#8220;light&#8220; bg_type=&#8220;image&#8220; bg_image=&#8220;853&#8243; bg_image_size=&#8220;responsive&#8220; bg_position=&#8220;right-center&#8220; padding_top_multiplier=&#8220;&#8220; padding_bottom_multiplier=&#8220;&#8220; columns_gap=&#8220;none&#8220; tablet_visibility=&#8220;hide&#8220; tablet_sm_visibility=&#8220;hide&#8220; mobile_visibility=&#8220;hide&#8220; font_color=&#8220;#ffffff&#8220; margin_bottom=&#8220;0&#8243;][vc_column width=&#8220;5\/6&#8243; css=&#8220;.vc_custom_1588163273333{padding-top: 0px !important;padding-bottom: 0px !important;}&#8220;]<div class=\"eut-empty-space eut-height-4x\" style=\"\"><\/div>[vc_row_inner css=&#8220;.vc_custom_1588162622076{padding-top: 0px !important;padding-bottom: 0px !important;}&#8220;][vc_column_inner width=&#8220;1\/2&#8243; css=&#8220;.vc_custom_1588167049188{margin-top: 0px !important;margin-bottom: 0px !important;}&#8220;]<h3 class=\"eut-element eut-title eut-align-left eut-subtitle-text subhead\" style=\"margin-bottom: 20px;\"><span>\/\/ Newsletter<\/span><\/h3><h2 class=\"eut-element eut-title eut-align-left eut-h2\" style=\"\"><span>Bleiben Sie immer auf dem Laufenden.<\/span><\/h2>[vc_column_text text_style=&#8220;leader-text&#8220; css=&#8220;.vc_custom_1589387626370{margin-top: 35px !important;}&#8220;]Melden Sie sich jetzt zu unserem Newsletter an und bleiben Sie immer auf dem neuesten Stand.[\/vc_column_text]<div class=\"eut-empty-space eut-height-1x\" style=\"\"><\/div><div class=\"eut-element eut-align-left\"><a href=\"https:\/\/www.digifai.com\/de\/newsletteranmeldung\/\" title=\"Newsletteranmeldung\" class=\"eut-btn eut-btn-medium eut-extra-round eut-bg-primary-1 eut-bg-hover-primary-4 button-gradient\"><span>Jetzt anmelden<\/span><\/a><\/div>[\/vc_column_inner][vc_column_inner width=&#8220;1\/2&#8243;][\/vc_column_inner][\/vc_row_inner]<div class=\"eut-empty-space eut-height-4x\" style=\"\"><\/div>[\/vc_column][vc_column width=&#8220;1\/6&#8243;][\/vc_column][\/vc_row][vc_row heading_color=&#8220;light&#8220; bg_type=&#8220;color&#8220; padding_top_multiplier=&#8220;4x&#8220; padding_bottom_multiplier=&#8220;4x&#8220; desktop_visibility=&#8220;hide&#8220; font_color=&#8220;#ffffff&#8220; margin_bottom=&#8220;0&#8243; bg_color=&#8220;#0a3b61&#8243;][vc_column css=&#8220;.vc_custom_1588863781753{padding-top: 0px !important;padding-bottom: 0px !important;}&#8220;][vc_row_inner css=&#8220;.vc_custom_1588162622076{padding-top: 0px !important;padding-bottom: 0px !important;}&#8220;][vc_column_inner width=&#8220;1\/2&#8243; tablet_sm_width=&#8220;11-12&#8243;]<h3 class=\"eut-element eut-title eut-align-left eut-subtitle-text subhead\" style=\"margin-bottom: 20px;\"><span>\/\/ Newsletter<\/span><\/h3><h2 class=\"eut-element eut-title eut-align-left eut-h2\" style=\"\"><span>Bleiben Sie immer auf dem Laufenden.<\/span><\/h2>[vc_column_text text_style=&#8220;leader-text&#8220; css=&#8220;.vc_custom_1589387626370{margin-top: 35px !important;}&#8220;]Melden Sie sich jetzt zu unserem Newsletter an und bleiben Sie immer auf dem neuesten Stand.[\/vc_column_text]<div class=\"eut-empty-space eut-height-1x\" style=\"\"><\/div><div class=\"eut-element eut-align-left\"><a href=\"https:\/\/www.digifai.com\/de\/newsletteranmeldung\/\" title=\"Newsletteranmeldung\" class=\"eut-btn eut-btn-medium eut-extra-round eut-bg-primary-1 eut-bg-hover-primary-4 button-gradient\"><span>jetzt anmelden<\/span><\/a><\/div><div class=\"eut-empty-space\" style=\"height: 0px;\"><\/div><div class=\"eut-empty-space\" style=\"height: 100px;\"><\/div>[\/vc_column_inner][vc_column_inner width=&#8220;1\/2&#8243; tablet_sm_width=&#8220;1&#8243;]<div class=\"eut-element eut-image newsletter-teaser eut-align-center eut-full-image eut-image-space-100\" style=\"\">  <div class=\"eut-image-wrapper\"><img loading=\"lazy\" decoding=\"async\" width=\"1024\" height=\"800\" src=\"https:\/\/www.digifai.com\/wp-content\/uploads\/2020\/05\/MCC_Digitales_Werkzeug_1024_800.png\" class=\"attachment-full size-full\" alt=\"control\" srcset=\"https:\/\/www.digifai.com\/wp-content\/uploads\/2020\/05\/MCC_Digitales_Werkzeug_1024_800.png 1024w, https:\/\/www.digifai.com\/wp-content\/uploads\/2020\/05\/MCC_Digitales_Werkzeug_1024_800-300x234.png 300w, https:\/\/www.digifai.com\/wp-content\/uploads\/2020\/05\/MCC_Digitales_Werkzeug_1024_800-768x600.png 768w\" sizes=\"auto, (max-width: 1024px) 100vw, 1024px\" \/>   <\/div><\/div>[\/vc_column_inner][\/vc_row_inner][\/vc_column][\/vc_row][vc_row padding_top_multiplier=&#8220;6x&#8220; padding_bottom_multiplier=&#8220;&#8220; columns_gap=&#8220;none&#8220; equal_column_height=&#8220;middle-content&#8220; tablet_portrait_equal_column_height=&#8220;false&#8220; mobile_equal_column_height=&#8220;false&#8220;][vc_column tablet_sm_width=&#8220;1&#8243; heading_color=&#8220;primary-1&#8243; css=&#8220;.vc_custom_1588596350066{margin-top: 0px !important;margin-right: 0px !important;margin-bottom: 0px !important;margin-left: 0px !important;padding-top: 0px !important;padding-right: 0px !important;padding-bottom: 0px !important;padding-left: 0px !important;}&#8220;][vc_row_inner css=&#8220;.vc_custom_1588167803665{margin-top: 0px !important;margin-right: 0px !important;margin-bottom: 0px !important;margin-left: 0px !important;padding-top: 0px !important;padding-right: 0px !important;padding-bottom: 0px !important;padding-left: 0px !important;}&#8220;][vc_column_inner width=&#8220;3\/4&#8243; css=&#8220;.vc_custom_1588595043952{margin-top: 0px !important;margin-right: 0px !important;margin-bottom: 0px !important;margin-left: 0px !important;padding-top: 0px !important;padding-right: 0px !important;padding-bottom: 0px !important;padding-left: 0px !important;}&#8220;]<h3 class=\"eut-element eut-title eut-align-left eut-subtitle-text subhead\" style=\"margin-bottom: 20px;\"><span><br>\n<p style=\"text-align: left;\">\/\/ Unsere Produkte<br>\n<\/span><\/h3><h2 class=\"eut-element eut-title eut-align-left eut-h2\" style=\"\"><span>Die Welt von digifai auf einen Blick<\/span><\/h2>[vc_column_text css=&#8220;.vc_custom_1588599521006{margin-bottom: 60px !important;}&#8220;]F\u00fcr welches Projekt suchen Sie eine L\u00f6sung? Hier finden Sie unser Portfolio, unsere Softwares. Unseren Beitrag zu Ihrer Digitalisierung[\/vc_column_text][\/vc_column_inner][vc_column_inner width=&#8220;1\/4&#8243;][\/vc_column_inner][\/vc_row_inner][\/vc_column][\/vc_row][vc_row heading_color=&#8220;light&#8220; padding_bottom_multiplier=&#8220;&#8220; equal_column_height=&#8220;middle-content&#8220; font_color=&#8220;#ffffff&#8220; margin_bottom=&#8220;250px&#8220;][vc_column width=&#8220;1\/3&#8243; tablet_sm_width=&#8220;1-2&#8243; css=&#8220;.vc_custom_1588874698283{margin-top: 0px !important;margin-right: 0px !important;margin-left: 0px !important;padding-top: 100px !important;padding-right: 30px !important;padding-bottom: 100px !important;padding-left: 30px !important;background-image: url(https:\/\/www.digifai.com\/wp-content\/uploads\/2020\/05\/control-quicklink.jpg?id=302) !important;background-position: center !important;background-repeat: no-repeat !important;background-size: cover !important;}&#8220; el_class=&#8220;quicklinks-item&#8220;]<h3 class=\"eut-element eut-title eut-align-left eut-h3\" style=\"\"><span>control<\/span><\/h3>[vc_column_text]<\/p>\n<p class=\"p1\"><span class=\"s1\">control vernetzt, visualisiert, benachrichtigt, analysiert und orchestriert Prozessdaten ortsunabh\u00e4ngig<\/span><\/p>\n<p>[\/vc_column_text]<div class=\"eut-empty-space eut-height-1x\" style=\"\"><\/div><div class=\"eut-element eut-align-left\"><a href=\"https:\/\/www.digifai.com\/control\/\" title=\"control\" class=\"eut-btn eut-btn-medium eut-text-primary-5 eut-text-hover-primary-5 eut-btn-underline text-button\"><span>Zur Detailseite<span class=\"eut-btn-bottom-line eut-bg-primary-5\"><\/span><\/span><\/a><\/div>[\/vc_column][vc_column width=&#8220;1\/3&#8243; css=&#8220;.vc_custom_1674573367545{padding-top: 50px !important;padding-right: 30px !important;padding-bottom: 50px !important;padding-left: 30px !important;background-image: url(https:\/\/www.digifai.com\/wp-content\/uploads\/2020\/05\/control-quicklink.jpg?id=302) !important;}&#8220;]<h3 class=\"eut-element eut-title eut-align-left eut-h3\" style=\"\"><span>storage<\/span><\/h3>[vc_column_text]<\/p>\n<p class=\"p1\">storage ist Marktf\u00fchrer in der K\u00e4sekellerlogistik. Der K\u00e4sereifeprozess wird digital erfasst, \u00fcbersichtlich dargestellt und l\u00fcckenlos dokumentiert.<\/p>\n<p>[\/vc_column_text]<div class=\"eut-empty-space eut-height-1x\" style=\"\"><\/div><div class=\"eut-element eut-align-left text-button\"><a href=\"https:\/\/www.digifai.com\/storage\/\" title=\"storage\" class=\"eut-btn eut-btn-medium eut-text-primary-5 eut-text-hover-primary-5 eut-btn-underline text-button\"><span>Zur Detailseite<span class=\"eut-btn-bottom-line eut-bg-primary-5\"><\/span><\/span><\/a><\/div>[\/vc_column][vc_column vertical_content_position=&#8220;middle&#8220; width=&#8220;1\/3&#8243; font_color=&#8220;#ffffff&#8220; css=&#8220;.vc_custom_1588874703563{padding-top: 100px !important;padding-right: 30px !important;padding-bottom: 100px !important;padding-left: 30px !important;background-image: url(https:\/\/www.digifai.com\/wp-content\/uploads\/2020\/05\/twin-quicklink.jpg?id=304) !important;}&#8220; el_class=&#8220;quicklinks-item&#8220;]<h3 class=\"eut-element eut-title eut-align-left eut-h3\" style=\"\"><span>twin<\/span><\/h3>[vc_column_text]<\/p>\n<p class=\"p1\"><span class=\"s1\">twin erschafft einen digitalen Zwilling. Damit testen Sie die Steuerung Ihres Systems, bevor die Maschine steht<\/span><\/p>\n<p>[\/vc_column_text]<div class=\"eut-empty-space eut-height-1x\" style=\"\"><\/div><div class=\"eut-element eut-align-left text-button\"><a href=\"https:\/\/www.digifai.com\/twin\/\" title=\"twin\" class=\"eut-btn eut-btn-medium eut-text-primary-5 eut-text-hover-primary-5 eut-btn-underline text-button\"><span>Zur Detailseite<span class=\"eut-btn-bottom-line eut-bg-primary-5\"><\/span><\/span><\/a><\/div>[\/vc_column][\/vc_row][vc_row][vc_column]<div class=\"templatera_shortcode\"><div class=\"eut-section eut-row-section eut-fullwidth-background eut-bg-none\"><div class=\"eut-container\"><div class=\"eut-row eut-bookmark eut-columns-gap-30\"><div class=\"eut-column wpb_column eut-column-1\" ><div class=\"eut-column-wrapper\" >\t\t\t<div class=\"eut-modal-element mfp-hide eut-modal-dialog eut-bg-white eut-drop-shadow eut-content-large eut-headings-light\" id=\"demo\">\r\n\t\t\t\t<div class=\"eut-section eut-modal-section\">\r\n\t\t\t\t\t<div class=\"eut-container\">\r\n\t\t\t\t\t\t<div class=\"eut-row eut-columns-gap-30\">\r\n\t\t\t\t\t\t\t<div class=\"eut-column eut-column-1\">\r\n\t\t\t\t\t\t\t<div class=\"eut-row-inner eut-bookmark vc_custom_1601366007529\">\r\n\t\t<div class=\"eut-column-inner wpb_column eut-column-1\">\r\n\t\t\t<div class=\"eut-column-wrapper-inner\">\r\n\t\t\t<h3 class=\"eut-element eut-title eut-align-left eut-subtitle-text subhead\" style=\"margin-bottom: 20px;\"><span>\r\n<p style=\"text-align: left;\">\/\/ Demo anfragen<br>\r\n<\/span><\/h3><h2 class=\"eut-element eut-title eut-align-left eut-h3\" style=\"\"><span><span style=\"color: #0a3b61;\">Unsere Produkte haben Sie neugierig gemacht? Das freut uns! Gerne zeigen wir Ihnen die M\u00f6glichkeiten bei einer Live-Demonstration.\r\n<\/span><\/span><\/h2><div class=\"eut-empty-space eut-height-1x\" style=\"\"><\/div>\n<div class=\"wpcf7 no-js\" id=\"wpcf7-f730-o1\" lang=\"de-DE\" dir=\"ltr\" data-wpcf7-id=\"730\">\n<div class=\"screen-reader-response\"><p role=\"status\" aria-live=\"polite\" aria-atomic=\"true\"><\/p> <ul><\/ul><\/div>\n<form action=\"\/de\/wp-json\/wp\/v2\/pages\/794#wpcf7-f730-o1\" method=\"post\" class=\"wpcf7-form init\" aria-label=\"Kontaktformular\" novalidate=\"novalidate\" data-status=\"init\">\n<fieldset class=\"hidden-fields-container\"><input type=\"hidden\" name=\"_wpcf7\" value=\"730\" \/><input type=\"hidden\" name=\"_wpcf7_version\" value=\"6.1.5\" \/><input type=\"hidden\" name=\"_wpcf7_locale\" value=\"de_DE\" \/><input type=\"hidden\" name=\"_wpcf7_unit_tag\" value=\"wpcf7-f730-o1\" \/><input type=\"hidden\" name=\"_wpcf7_container_post\" value=\"0\" \/><input type=\"hidden\" name=\"_wpcf7_posted_data_hash\" value=\"\" \/>\n<\/fieldset>\n<div class=\"eut-form eut-fields-round eut-align-left\">\n\t<div class=\"eut-fields-wrapper\">\n\t\t<div class=\"formular\">\n\t\t\t<p><label class=\"label-2\">Anrede <span class=\"wpcf7-form-control-wrap\" data-name=\"your-salutation\"><input size=\"40\" maxlength=\"400\" class=\"wpcf7-form-control wpcf7-text\" aria-invalid=\"false\" placeholder=\"Anrede\" value=\"\" type=\"text\" name=\"your-salutation\" \/><\/span><\/label>\n\t\t\t<\/p>\n\t\t<\/div>\n\t\t<div class=\"formular\">\n\t\t\t<p><label class=\"label-2\">Vorname* <span class=\"wpcf7-form-control-wrap\" data-name=\"your-firstname\"><input size=\"40\" maxlength=\"400\" class=\"wpcf7-form-control wpcf7-text wpcf7-validates-as-required\" aria-required=\"true\" aria-invalid=\"false\" placeholder=\"Vorname\" value=\"\" type=\"text\" name=\"your-firstname\" \/><\/span><\/label>\n\t\t\t<\/p>\n\t\t<\/div>\n\t\t<div class=\"formular\">\n\t\t\t<p><label class=\"label-2\">Nachname* <span class=\"wpcf7-form-control-wrap\" data-name=\"your-lastname\"><input size=\"40\" maxlength=\"400\" class=\"wpcf7-form-control wpcf7-text wpcf7-validates-as-required\" aria-required=\"true\" aria-invalid=\"false\" placeholder=\"Nachname\" value=\"\" type=\"text\" name=\"your-lastname\" \/><\/span><\/label>\n\t\t\t<\/p>\n\t\t<\/div>\n\t\t<div class=\"formular\">\n\t\t\t<p><label class=\"label-2\">Firma* <span class=\"wpcf7-form-control-wrap\" data-name=\"your-company\"><input size=\"40\" maxlength=\"400\" class=\"wpcf7-form-control wpcf7-text wpcf7-validates-as-required\" aria-required=\"true\" aria-invalid=\"false\" placeholder=\"Firma\" value=\"\" type=\"text\" name=\"your-company\" \/><\/span><\/label>\n\t\t\t<\/p>\n\t\t<\/div>\n\t\t<div class=\"formular\">\n\t\t\t<p><label class=\"label-2\">E-Mail* <span class=\"wpcf7-form-control-wrap\" data-name=\"your-email\"><input size=\"40\" maxlength=\"400\" class=\"wpcf7-form-control wpcf7-email wpcf7-validates-as-required wpcf7-text wpcf7-validates-as-email\" aria-required=\"true\" aria-invalid=\"false\" placeholder=\"E-Mail\" value=\"\" type=\"email\" name=\"your-email\" \/><\/span><\/label>\n\t\t\t<\/p>\n\t\t<\/div>\n\t\t<div class=\"formular\">\n\t\t\t<p><label class=\"label-2\">Produkt <span class=\"wpcf7-form-control-wrap\" data-name=\"product-menu\"><select class=\"wpcf7-form-control wpcf7-select\" aria-invalid=\"false\" name=\"product-menu\"><option value=\"twin - Virtuelle Inbetriebnahme am digitalen Zwilling\">twin - Virtuelle Inbetriebnahme am digitalen Zwilling<\/option><option value=\"control - Die IoT Plattform\">control - Die IoT Plattform<\/option><option value=\"storage - Der Profi in der K\u00e4sekellerlogistik\">storage - Der Profi in der K\u00e4sekellerlogistik<\/option><\/select><\/span><\/label>\n\t\t\t<\/p>\n\t\t<\/div>\n\t\t<div class=\"formular\">\n\t\t\t<p><label class=\"label-2\">Nachricht <span class=\"wpcf7-form-control-wrap\" data-name=\"your-message\"><textarea cols=\"40\" rows=\"10\" maxlength=\"2000\" class=\"wpcf7-form-control wpcf7-textarea\" aria-invalid=\"false\" placeholder=\"Nachricht\" name=\"your-message\"><\/textarea><\/span><\/label>\n\t\t\t<\/p>\n\t\t<\/div>\n\t\t<div class=\"formular\">\n\t\t\t<p><label class=\"label-2\">Nachricht* <span id=\"wpcf7-69ff34381fd0a-wrapper\" class=\"wpcf7-form-control-wrap honeypot-258-wrap\" style=\"display:none !important; visibility:hidden !important;\"><input type=\"hidden\" name=\"honeypot-258-time-start\" value=\"1778332728\"><input type=\"hidden\" name=\"honeypot-258-time-check\" value=\"4\"><label for=\"wpcf7-69ff34381fd0a-field\" class=\"hp-message\">Bitte lasse dieses Feld leer.<\/label><input id=\"wpcf7-69ff34381fd0a-field\"  class=\"wpcf7-form-control wpcf7-text\" type=\"text\" name=\"honeypot-258\" value=\"\" size=\"40\" tabindex=\"-1\" autocomplete=\"new-password\" \/><\/span><\/label>\n\t\t\t<\/p>\n\t\t<\/div>\n\t\t<div class=\"checkbox\">\n\t\t\t<p><span class=\"wpcf7-form-control-wrap\" data-name=\"acceptance-540\"><span class=\"wpcf7-form-control wpcf7-acceptance\"><span class=\"wpcf7-list-item\"><label><input type=\"checkbox\" name=\"acceptance-540\" value=\"1\" aria-invalid=\"false\" \/><span class=\"wpcf7-list-item-label\">Ich habe die <a href=\"https:\/\/www.digifai.com\/datenschutz\/\">Datenschutzbestimmungen<\/a> gelesen und verstanden.<\/span><\/label><\/span><\/span><\/span>\n\t\t\t<\/p>\n\t\t<\/div>\n\t\t<div class=\"pflichtfeld\">\n\t\t\t<p>*Pflichtfeld\n\t\t\t<\/p>\n\t\t<\/div>\n\t\t<div>\n\t\t\t<p><input class=\"wpcf7-form-control wpcf7-submit has-spinner button-gradient\" type=\"submit\" value=\"Anfrage absenden\" \/>\n\t\t\t<\/p>\n\t\t<\/div>\n\t<\/div>\n<\/div>\n<p class='cahaba'><span class=\"wpcf7-form-control-wrap\" data-name=\"cahaba\"><input size=\"40\" maxlength=\"400\" class=\"wpcf7-form-control wpcf7-text\" aria-invalid=\"false\" value=\"\" type=\"text\" name=\"cahaba\" \/><\/span>\n<\/p>\n<p class='wumidi'><span class=\"wpcf7-form-control-wrap\" data-name=\"wumidi\"><input size=\"40\" maxlength=\"400\" class=\"wpcf7-form-control wpcf7-text\" aria-invalid=\"false\" value=\"\" type=\"text\" name=\"wumidi\" \/><\/span>\n<\/p><div class=\"wpcf7-response-output\" aria-hidden=\"true\"><\/div>\n<\/form>\n<\/div>\n\r\n\t\t\t<\/div>\r\n\t\t<\/div>\r\n\t<\/div>\t\t\t\t\t\t\t<\/div>\r\n\t\t\t\t\t\t<\/div>\r\n\t\t\t\t\t<\/div>\r\n\t\t\t\t<\/div>\r\n\t\t\t<\/div>\r\n\t\t<\/div><\/div><\/div><\/div><div class=\"eut-background-wrapper\"><\/div><\/div><\/div>[\/vc_column][\/vc_row]<\/p>\n<\/div>","protected":false},"excerpt":{"rendered":"Webinare \/\/ WebinareWebinare Lernen Sie uns und unsere L\u00f6sungen in einem der folgenden Webinare kennen. Wir legen Hand an, f\u00fchren unsere Produkte live vor und beantworten Ihre Fragen in einer gem\u00fctlichen Atmosph\u00e4re. Wir freuen uns darauf, Sie kennen zu lernen! Wie Sie lokale Datensch\u00e4tze heben und nutzbar machen Dauer: 1h | kostenlosMehr erfahren Virtuelle Inbetriebnahme [...]","protected":false},"author":5,"featured_media":0,"parent":0,"menu_order":0,"comment_status":"closed","ping_status":"open","template":"","meta":{"footnotes":""},"class_list":["post-794","page","type-page","status-publish","hentry"],"acf":[],"_links":{"self":[{"href":"https:\/\/www.digifai.com\/de\/wp-json\/wp\/v2\/pages\/794","targetHints":{"allow":["GET"]}}],"collection":[{"href":"https:\/\/www.digifai.com\/de\/wp-json\/wp\/v2\/pages"}],"about":[{"href":"https:\/\/www.digifai.com\/de\/wp-json\/wp\/v2\/types\/page"}],"author":[{"embeddable":true,"href":"https:\/\/www.digifai.com\/de\/wp-json\/wp\/v2\/users\/5"}],"replies":[{"embeddable":true,"href":"https:\/\/www.digifai.com\/de\/wp-json\/wp\/v2\/comments?post=794"}],"version-history":[{"count":116,"href":"https:\/\/www.digifai.com\/de\/wp-json\/wp\/v2\/pages\/794\/revisions"}],"predecessor-version":[{"id":7305,"href":"https:\/\/www.digifai.com\/de\/wp-json\/wp\/v2\/pages\/794\/revisions\/7305"}],"wp:attachment":[{"href":"https:\/\/www.digifai.com\/de\/wp-json\/wp\/v2\/media?parent=794"}],"curies":[{"name":"wp","href":"https:\/\/api.w.org\/{rel}","templated":true}]}}