
{"id":4802,"date":"2023-02-07T12:19:43","date_gmt":"2023-02-07T10:19:43","guid":{"rendered":"https:\/\/www.digifai.com\/?page_id=4802"},"modified":"2025-12-05T10:44:53","modified_gmt":"2025-12-05T08:44:53","slug":"schulung-twin-basics","status":"publish","type":"page","link":"https:\/\/www.digifai.com\/de\/service\/schulungen\/schulung-twin-basics\/","title":{"rendered":"Schulung twin Basics"},"content":{"rendered":"<div class=\"wpb-content-wrapper\"><p>[vc_row bg_type=&#8220;image&#8220; bg_image=&#8220;1310&#8243; color_overlay=&#8220;primary-1&#8243; opacity_overlay=&#8220;40&#8243; padding_top_multiplier=&#8220;6x&#8220; padding_bottom_multiplier=&#8220;6x&#8220; columns_gap=&#8220;none&#8220; full_width=&#8220;stretch_row&#8220; parallax=&#8220;content-moving&#8220; css=&#8220;.vc_custom_1475570180820{padding-top: 100px !important;padding-bottom: 100px !important;background: #5e5e5e url(https:\/\/www.digifai.com\/wp-content\/uploads\/2015\/09\/hero-section-call-to-action-3268.jpg?id=769);background-position: center;background-repeat: no-repeat !important;background-size: cover !important;}&#8220; el_class=&#8220;hero-small&#8220;][vc_column vertical_content_position=&#8220;middle&#8220;][vc_custom_heading text=&#8220;Schulung twin Basics&#8220; font_container=&#8220;tag:h1|text_align:left|color:%23ffffff&#8220; use_theme_fonts=&#8220;yes&#8220; el_class=&#8220;headline-hero-small&#8220;][\/vc_column][\/vc_row][vc_row padding_top_multiplier=&#8220;4x&#8220; padding_bottom_multiplier=&#8220;4x&#8220; section_id=&#8220;introtext&#8220;][vc_column width=&#8220;2\/3&#8243; css=&#8220;.vc_custom_1588095737079{margin-top: 60px !important;margin-bottom: 60px !important;}&#8220;]<h2 class=\"eut-element eut-title eut-align-left eut-h2\" style=\"margin-bottom: 30px;\"><span>Zielgruppe<\/span><\/h2>[vc_column_text]Sie sind im Engineering-Bereich (Konstruktion, Steuerungstechnik, E-Planung, &#8230;) t\u00e4tig und wollen Maschinenkonzepte, Sonder- oder Produktionsmaschinen als digitale Zwillinge, mit ihren physikalischen Eigenschaften, abbilden, um im weiteren Schritt Taktzeitanalysen oder Machbarkeitsstudien der Konzepte erstellen, virtuelle Inbetriebnahmen an Ihrer Maschine durchf\u00fchren oder die Maschine als Mirror einer Leitsteuerung oder einem HMI zur Verf\u00fcgung stellen k\u00f6nnen.[\/vc_column_text]<div class=\"eut-empty-space eut-height-1x\" style=\"\"><\/div><div class=\"eut-element eut-video\" style=\"\"><iframe loading=\"lazy\" title=\"Basisschulung f\u00fcr die Simulationssoftware twin\" width=\"1080\" height=\"608\" src=\"https:\/\/www.youtube.com\/embed\/IzT377UJGr8?feature=oembed\" frameborder=\"0\" allow=\"accelerometer; autoplay; clipboard-write; encrypted-media; gyroscope; picture-in-picture; web-share\" referrerpolicy=\"strict-origin-when-cross-origin\" allowfullscreen><\/iframe><\/div><div class=\"eut-empty-space eut-height-3x\" style=\"\"><\/div><h2 class=\"eut-element eut-title eut-align-left eut-h2\" style=\"margin-bottom: 30px;\"><span><span class=\"TextRun BCX0 SCXW255700307\" lang=\"DE-DE\" xml:lang=\"DE-DE\" data-contrast=\"auto\"><span class=\"NormalTextRun BCX0 SCXW255700307\">Nutzen und Ziele<\/span><\/span><\/span><\/h2>[vc_column_text]Sie werden in die Simulationssoftware twin eingef\u00fchrt und lernen dabei die Grundkonzepte der Software kennen. Sie lernen, wie ganze Maschinen mit Materialtransport aufgebaut werden k\u00f6nnen. Nach dem Kurs sind Sie in der Lage, eigene Maschinen mit twin zu projektieren.[\/vc_column_text]<div class=\"eut-empty-space eut-height-3x\" style=\"\"><\/div><h2 class=\"eut-element eut-title eut-align-left eut-h2\" style=\"margin-bottom: 30px;\"><span>Themen und Inhalte<\/span><\/h2>[vc_column_text]Wir stellen Ihnen die Konstruktionsdaten einer Maschine zur Verf\u00fcgung, an welchen Sie die Konzepte und Prinzipien von twin kennenlernen und anwenden werden. Am Ende des Seminars ist diese Maschine funktionsf\u00e4hig und wird \u00fcber eine externe SPS gesteuert.<\/p>\n<p><strong>Themen, welche in der Schulung behandelt werden:<\/strong><\/p>\n<ul>\n<li>Oberfl\u00e4che und Navigation<\/li>\n<li>Baugruppen und 3D-Objekte<\/li>\n<li>Physikalische Kollisionen zwischen 3D Objekten<\/li>\n<li>Simulationskomponenten und ihr Konzept<\/li>\n<li>SPS Anbindung und Handhabung<\/li>\n<li>Physikalische Materialeigenschaften<\/li>\n<li>Erweiterte Kollisionserkennung f\u00fcr komplexe Geometrien<\/li>\n<li>Roboteranbindungen und ihr Konzept<\/li>\n<li>Bibliothekselemente erstellen und wiederverwenden<\/li>\n<li>Diagnose-M\u00f6glichkeiten<\/li>\n<li>&#8222;Best Practices&#8220;<\/li>\n<li>Simulation von dynamischen Systemen<\/li>\n<li>Multiphysikalische Simulationen mit Hilfe von &#8222;Functional Mock-up units&#8220; (FMU)<\/li>\n<\/ul>\n<p>[\/vc_column_text][\/vc_column][vc_column column_effect=&#8220;vertical-parallax&#8220; column_effect_limit=&#8220;none&#8220; width=&#8220;1\/3&#8243; heading_color=&#8220;dark&#8220; css=&#8220;.vc_custom_1675691001643{margin-top: 60px !important;margin-bottom: 60px !important;padding-top: 30px !important;padding-right: 30px !important;padding-bottom: 30px !important;padding-left: 30px !important;border-radius: 5px !important;}&#8220; el_class=&#8220;formular&#8220; el_wrapper_class=&#8220;eut-drop-shadow-large&#8220;]<h2 class=\"eut-element eut-title eut-align-left eut-h2\" style=\"margin-bottom: 30px;\"><span>Schulung anfragen<\/span><\/h2>[vc_column_text css=&#8220;&#8220;]Preis: 1.769,- \u20ac pro Person exkl. MwSt.<br \/>\nDauer: 2 Tage[\/vc_column_text]<div class=\"eut-empty-space eut-height-1x\" style=\"\"><\/div>\n<div class=\"wpcf7 no-js\" id=\"wpcf7-f4845-o1\" lang=\"de-DE\" dir=\"ltr\" data-wpcf7-id=\"4845\">\n<div class=\"screen-reader-response\"><p role=\"status\" aria-live=\"polite\" aria-atomic=\"true\"><\/p> <ul><\/ul><\/div>\n<form action=\"\/de\/wp-json\/wp\/v2\/pages\/4802#wpcf7-f4845-o1\" method=\"post\" class=\"wpcf7-form init\" aria-label=\"Kontaktformular\" novalidate=\"novalidate\" data-status=\"init\">\n<fieldset class=\"hidden-fields-container\"><input type=\"hidden\" name=\"_wpcf7\" value=\"4845\" \/><input type=\"hidden\" name=\"_wpcf7_version\" value=\"6.1.5\" \/><input type=\"hidden\" name=\"_wpcf7_locale\" value=\"de_DE\" \/><input type=\"hidden\" name=\"_wpcf7_unit_tag\" value=\"wpcf7-f4845-o1\" \/><input type=\"hidden\" name=\"_wpcf7_container_post\" value=\"0\" \/><input type=\"hidden\" name=\"_wpcf7_posted_data_hash\" value=\"\" \/>\n<\/fieldset>\n<div class=\"eut-form eut-fields-round eut-align-left\">\n\t<div class=\"eut-fields-wrapper\">\n\t\t<div>\n\t\t\t<p><label class=\"label-2\">Datum* <span class=\"wpcf7-form-control-wrap\" data-name=\"your-date\"><select class=\"wpcf7-form-control wpcf7-select\" aria-invalid=\"false\" name=\"your-date\"><option value=\"23.06. &amp; 24.06.2026\">23.06. &amp; 24.06.2026<\/option><option value=\"22.09. &amp; 23.09.2026\">22.09. &amp; 23.09.2026<\/option><option value=\"01.12. &amp; 02.12.2026\">01.12. &amp; 02.12.2026<\/option><\/select><\/span><\/label>\n\t\t\t<\/p>\n\t\t<\/div>\n\t\t<div>\n\t\t\t<p><label class=\"lable-2\">Vorname* <span class=\"wpcf7-form-control-wrap\" data-name=\"your-name\"><input size=\"40\" maxlength=\"400\" class=\"wpcf7-form-control wpcf7-text wpcf7-validates-as-required\" aria-required=\"true\" aria-invalid=\"false\" placeholder=\"Vorname\" value=\"\" type=\"text\" name=\"your-name\" \/><\/span><\/label>\n\t\t\t<\/p>\n\t\t<\/div>\n\t\t<div>\n\t\t\t<p><label class=\"label-2\">Nachname* <span class=\"wpcf7-form-control-wrap\" data-name=\"your-surename\"><input size=\"40\" maxlength=\"400\" class=\"wpcf7-form-control wpcf7-text wpcf7-validates-as-required\" aria-required=\"true\" aria-invalid=\"false\" placeholder=\"Nachname\" value=\"\" type=\"text\" name=\"your-surename\" \/><\/span><\/label>\n\t\t\t<\/p>\n\t\t<\/div>\n\t\t<div>\n\t\t\t<p><label class=\"label-2\">E-Mail* <span class=\"wpcf7-form-control-wrap\" data-name=\"your-email\"><input size=\"40\" maxlength=\"400\" class=\"wpcf7-form-control wpcf7-email wpcf7-validates-as-required wpcf7-text wpcf7-validates-as-email\" aria-required=\"true\" aria-invalid=\"false\" placeholder=\"E-Mail\" value=\"\" type=\"email\" name=\"your-email\" \/><\/span><\/label>\n\t\t\t<\/p>\n\t\t<\/div>\n\t\t<div>\n\t\t\t<p><label class=\"label-2\">Firma* <span class=\"wpcf7-form-control-wrap\" data-name=\"your-company\"><input size=\"40\" maxlength=\"400\" class=\"wpcf7-form-control wpcf7-text wpcf7-validates-as-required\" aria-required=\"true\" aria-invalid=\"false\" placeholder=\"Firma\" value=\"\" type=\"text\" name=\"your-company\" \/><\/span><\/label>\n\t\t\t<\/p>\n\t\t<\/div>\n\t\t<div>\n\t\t\t<p><label class=\"label-2\">Anmerkungen <span class=\"wpcf7-form-control-wrap\" data-name=\"your-message\"><textarea cols=\"40\" rows=\"10\" maxlength=\"2000\" class=\"wpcf7-form-control wpcf7-textarea\" aria-invalid=\"false\" placeholder=\"Anmerkungen\" name=\"your-message\"><\/textarea><\/span><\/label>\n\t\t\t<\/p>\n\t\t<\/div>\n\t\t<div class=\"checkbox\">\n\t\t\t<p><span class=\"wpcf7-form-control-wrap\" data-name=\"acceptance-540\"><span class=\"wpcf7-form-control wpcf7-acceptance\"><span class=\"wpcf7-list-item\"><label><input type=\"checkbox\" name=\"acceptance-540\" value=\"1\" aria-invalid=\"false\" \/><span class=\"wpcf7-list-item-label\">Ich habe die <a href=\"https:\/\/www.digifai.com\/datenschutz\/\">Datenschutzbestimmungen<\/a> gelesen und verstanden.<\/span><\/label><\/span><\/span><\/span>\n\t\t\t<\/p>\n\t\t<\/div>\n\t\t<div>\n\t\t\t<p><span id=\"wpcf7-69f2c66f4bda6-wrapper\" class=\"wpcf7-form-control-wrap name1-wrap\" style=\"display:none !important; visibility:hidden !important;\"><input type=\"hidden\" name=\"name1-time-start\" value=\"1777518191\"><input type=\"hidden\" name=\"name1-time-check\" value=\"4\"><label for=\"wpcf7-69f2c66f4bda6-field\" class=\"hp-message\">Bitte lasse dieses Feld leer.<\/label><input id=\"wpcf7-69f2c66f4bda6-field\"  class=\"wpcf7-form-control wpcf7-text\" type=\"text\" name=\"name1\" value=\"\" size=\"40\" tabindex=\"-1\" autocomplete=\"new-password\" \/><\/span><span id=\"wpcf7-69f2c66f4bdd9-wrapper\" class=\"wpcf7-form-control-wrap company1-wrap\" style=\"display:none !important; visibility:hidden !important;\"><input type=\"hidden\" name=\"company1-time-start\" value=\"1777518191\"><input type=\"hidden\" name=\"company1-time-check\" value=\"4\"><label for=\"wpcf7-69f2c66f4bdd9-field\" class=\"hp-message\">Bitte lasse dieses Feld leer.<\/label><input id=\"wpcf7-69f2c66f4bdd9-field\"  class=\"wpcf7-form-control wpcf7-text\" type=\"text\" name=\"company1\" value=\"\" size=\"40\" tabindex=\"-1\" autocomplete=\"new-password\" \/><\/span>\n\t\t\t<\/p>\n\t\t<\/div>\n\t\t<div class=\"pflichtfeld\">\n\t\t\t<p>*Pflichtfeld\n\t\t\t<\/p>\n\t\t<\/div>\n\t\t<div>\n\t\t\t<p><input class=\"wpcf7-form-control wpcf7-submit has-spinner button-gradient\" type=\"submit\" value=\"Jetzt anfragen\" \/>\n\t\t\t<\/p>\n\t\t<\/div>\n\t<\/div>\n<\/div><div class=\"wpcf7-response-output\" aria-hidden=\"true\"><\/div>\n<\/form>\n<\/div>\n[\/vc_column][\/vc_row][vc_row][vc_column]<div class=\"templatera_shortcode\"><div class=\"eut-section eut-row-section eut-fullwidth-background eut-bg-none\"><div class=\"eut-container\"><div class=\"eut-row eut-bookmark eut-columns-gap-30\"><div class=\"eut-column wpb_column eut-column-1\" ><div class=\"eut-column-wrapper\" >\t\t\t<div class=\"eut-modal-element mfp-hide eut-modal-dialog eut-bg-white eut-drop-shadow eut-content-large eut-headings-light\" id=\"demo\">\r\n\t\t\t\t<div class=\"eut-section eut-modal-section\">\r\n\t\t\t\t\t<div class=\"eut-container\">\r\n\t\t\t\t\t\t<div class=\"eut-row eut-columns-gap-30\">\r\n\t\t\t\t\t\t\t<div class=\"eut-column eut-column-1\">\r\n\t\t\t\t\t\t\t<div class=\"eut-row-inner eut-bookmark vc_custom_1601366007529\">\r\n\t\t<div class=\"eut-column-inner wpb_column eut-column-1\">\r\n\t\t\t<div class=\"eut-column-wrapper-inner\">\r\n\t\t\t<h3 class=\"eut-element eut-title eut-align-left eut-subtitle-text subhead\" style=\"margin-bottom: 20px;\"><span>\r\n<p style=\"text-align: left;\">\/\/ Demo anfragen<br>\r\n<\/span><\/h3><h2 class=\"eut-element eut-title eut-align-left eut-h3\" style=\"\"><span><span style=\"color: #0a3b61;\">Unsere Produkte haben Sie neugierig gemacht? Das freut uns! Gerne zeigen wir Ihnen die M\u00f6glichkeiten bei einer Live-Demonstration.\r\n<\/span><\/span><\/h2><div class=\"eut-empty-space eut-height-1x\" style=\"\"><\/div>\n<div class=\"wpcf7 no-js\" id=\"wpcf7-f730-o2\" lang=\"de-DE\" dir=\"ltr\" data-wpcf7-id=\"730\">\n<div class=\"screen-reader-response\"><p role=\"status\" aria-live=\"polite\" aria-atomic=\"true\"><\/p> <ul><\/ul><\/div>\n<form action=\"\/de\/wp-json\/wp\/v2\/pages\/4802#wpcf7-f730-o2\" method=\"post\" class=\"wpcf7-form init\" aria-label=\"Kontaktformular\" novalidate=\"novalidate\" data-status=\"init\">\n<fieldset class=\"hidden-fields-container\"><input type=\"hidden\" name=\"_wpcf7\" value=\"730\" \/><input type=\"hidden\" name=\"_wpcf7_version\" value=\"6.1.5\" \/><input type=\"hidden\" name=\"_wpcf7_locale\" value=\"de_DE\" \/><input type=\"hidden\" name=\"_wpcf7_unit_tag\" value=\"wpcf7-f730-o2\" \/><input type=\"hidden\" name=\"_wpcf7_container_post\" value=\"0\" \/><input type=\"hidden\" name=\"_wpcf7_posted_data_hash\" value=\"\" \/>\n<\/fieldset>\n<div class=\"eut-form eut-fields-round eut-align-left\">\n\t<div class=\"eut-fields-wrapper\">\n\t\t<div class=\"formular\">\n\t\t\t<p><label class=\"label-2\">Anrede <span class=\"wpcf7-form-control-wrap\" data-name=\"your-salutation\"><input size=\"40\" maxlength=\"400\" class=\"wpcf7-form-control wpcf7-text\" aria-invalid=\"false\" placeholder=\"Anrede\" value=\"\" type=\"text\" name=\"your-salutation\" \/><\/span><\/label>\n\t\t\t<\/p>\n\t\t<\/div>\n\t\t<div class=\"formular\">\n\t\t\t<p><label class=\"label-2\">Vorname* <span class=\"wpcf7-form-control-wrap\" data-name=\"your-firstname\"><input size=\"40\" maxlength=\"400\" class=\"wpcf7-form-control wpcf7-text wpcf7-validates-as-required\" aria-required=\"true\" aria-invalid=\"false\" placeholder=\"Vorname\" value=\"\" type=\"text\" name=\"your-firstname\" \/><\/span><\/label>\n\t\t\t<\/p>\n\t\t<\/div>\n\t\t<div class=\"formular\">\n\t\t\t<p><label class=\"label-2\">Nachname* <span class=\"wpcf7-form-control-wrap\" data-name=\"your-lastname\"><input size=\"40\" maxlength=\"400\" class=\"wpcf7-form-control wpcf7-text wpcf7-validates-as-required\" aria-required=\"true\" aria-invalid=\"false\" placeholder=\"Nachname\" value=\"\" type=\"text\" name=\"your-lastname\" \/><\/span><\/label>\n\t\t\t<\/p>\n\t\t<\/div>\n\t\t<div class=\"formular\">\n\t\t\t<p><label class=\"label-2\">Firma* <span class=\"wpcf7-form-control-wrap\" data-name=\"your-company\"><input size=\"40\" maxlength=\"400\" class=\"wpcf7-form-control wpcf7-text wpcf7-validates-as-required\" aria-required=\"true\" aria-invalid=\"false\" placeholder=\"Firma\" value=\"\" type=\"text\" name=\"your-company\" \/><\/span><\/label>\n\t\t\t<\/p>\n\t\t<\/div>\n\t\t<div class=\"formular\">\n\t\t\t<p><label class=\"label-2\">E-Mail* <span class=\"wpcf7-form-control-wrap\" data-name=\"your-email\"><input size=\"40\" maxlength=\"400\" class=\"wpcf7-form-control wpcf7-email wpcf7-validates-as-required wpcf7-text wpcf7-validates-as-email\" aria-required=\"true\" aria-invalid=\"false\" placeholder=\"E-Mail\" value=\"\" type=\"email\" name=\"your-email\" \/><\/span><\/label>\n\t\t\t<\/p>\n\t\t<\/div>\n\t\t<div class=\"formular\">\n\t\t\t<p><label class=\"label-2\">Produkt <span class=\"wpcf7-form-control-wrap\" data-name=\"product-menu\"><select class=\"wpcf7-form-control wpcf7-select\" aria-invalid=\"false\" name=\"product-menu\"><option value=\"twin - Virtuelle Inbetriebnahme am digitalen Zwilling\">twin - Virtuelle Inbetriebnahme am digitalen Zwilling<\/option><option value=\"control - Die IoT Plattform\">control - Die IoT Plattform<\/option><option value=\"storage - Der Profi in der K\u00e4sekellerlogistik\">storage - Der Profi in der K\u00e4sekellerlogistik<\/option><\/select><\/span><\/label>\n\t\t\t<\/p>\n\t\t<\/div>\n\t\t<div class=\"formular\">\n\t\t\t<p><label class=\"label-2\">Nachricht <span class=\"wpcf7-form-control-wrap\" data-name=\"your-message\"><textarea cols=\"40\" rows=\"10\" maxlength=\"2000\" class=\"wpcf7-form-control wpcf7-textarea\" aria-invalid=\"false\" placeholder=\"Nachricht\" name=\"your-message\"><\/textarea><\/span><\/label>\n\t\t\t<\/p>\n\t\t<\/div>\n\t\t<div class=\"formular\">\n\t\t\t<p><label class=\"label-2\">Nachricht* <span id=\"wpcf7-69f2c66f4f892-wrapper\" class=\"wpcf7-form-control-wrap honeypot-258-wrap\" style=\"display:none !important; visibility:hidden !important;\"><input type=\"hidden\" name=\"honeypot-258-time-start\" value=\"1777518191\"><input type=\"hidden\" name=\"honeypot-258-time-check\" value=\"4\"><label for=\"wpcf7-69f2c66f4f892-field\" class=\"hp-message\">Bitte lasse dieses Feld leer.<\/label><input id=\"wpcf7-69f2c66f4f892-field\"  class=\"wpcf7-form-control wpcf7-text\" type=\"text\" name=\"honeypot-258\" value=\"\" size=\"40\" tabindex=\"-1\" autocomplete=\"new-password\" \/><\/span><\/label>\n\t\t\t<\/p>\n\t\t<\/div>\n\t\t<div class=\"checkbox\">\n\t\t\t<p><span class=\"wpcf7-form-control-wrap\" data-name=\"acceptance-540\"><span class=\"wpcf7-form-control wpcf7-acceptance\"><span class=\"wpcf7-list-item\"><label><input type=\"checkbox\" name=\"acceptance-540\" value=\"1\" aria-invalid=\"false\" \/><span class=\"wpcf7-list-item-label\">Ich habe die <a href=\"https:\/\/www.digifai.com\/datenschutz\/\">Datenschutzbestimmungen<\/a> gelesen und verstanden.<\/span><\/label><\/span><\/span><\/span>\n\t\t\t<\/p>\n\t\t<\/div>\n\t\t<div class=\"pflichtfeld\">\n\t\t\t<p>*Pflichtfeld\n\t\t\t<\/p>\n\t\t<\/div>\n\t\t<div>\n\t\t\t<p><input class=\"wpcf7-form-control wpcf7-submit has-spinner button-gradient\" type=\"submit\" value=\"Anfrage absenden\" \/>\n\t\t\t<\/p>\n\t\t<\/div>\n\t<\/div>\n<\/div>\n<p class='cahaba'><span class=\"wpcf7-form-control-wrap\" data-name=\"cahaba\"><input size=\"40\" maxlength=\"400\" class=\"wpcf7-form-control wpcf7-text\" aria-invalid=\"false\" value=\"\" type=\"text\" name=\"cahaba\" \/><\/span>\n<\/p>\n<p class='wumidi'><span class=\"wpcf7-form-control-wrap\" data-name=\"wumidi\"><input size=\"40\" maxlength=\"400\" class=\"wpcf7-form-control wpcf7-text\" aria-invalid=\"false\" value=\"\" type=\"text\" name=\"wumidi\" \/><\/span>\n<\/p><div class=\"wpcf7-response-output\" aria-hidden=\"true\"><\/div>\n<\/form>\n<\/div>\n\r\n\t\t\t<\/div>\r\n\t\t<\/div>\r\n\t<\/div>\t\t\t\t\t\t\t<\/div>\r\n\t\t\t\t\t\t<\/div>\r\n\t\t\t\t\t<\/div>\r\n\t\t\t\t<\/div>\r\n\t\t\t<\/div>\r\n\t\t<\/div><\/div><\/div><\/div><div class=\"eut-background-wrapper\"><\/div><\/div><\/div>[\/vc_column][\/vc_row]<\/p>\n<\/div>","protected":false},"excerpt":{"rendered":"Schulung twin Basics Zielgruppe Sie sind im Engineering-Bereich (Konstruktion, Steuerungstechnik, E-Planung, ...) t\u00e4tig und wollen Maschinenkonzepte, Sonder- oder Produktionsmaschinen als digitale Zwillinge, mit ihren physikalischen Eigenschaften, abbilden, um im weiteren Schritt Taktzeitanalysen oder Machbarkeitsstudien der Konzepte erstellen, virtuelle Inbetriebnahmen an Ihrer Maschine durchf\u00fchren oder die Maschine als Mirror einer Leitsteuerung oder einem HMI zur Verf\u00fcgung [...]","protected":false},"author":1,"featured_media":1310,"parent":4768,"menu_order":0,"comment_status":"closed","ping_status":"open","template":"","meta":{"footnotes":""},"class_list":["post-4802","page","type-page","status-publish","has-post-thumbnail","hentry"],"acf":[],"_links":{"self":[{"href":"https:\/\/www.digifai.com\/de\/wp-json\/wp\/v2\/pages\/4802","targetHints":{"allow":["GET"]}}],"collection":[{"href":"https:\/\/www.digifai.com\/de\/wp-json\/wp\/v2\/pages"}],"about":[{"href":"https:\/\/www.digifai.com\/de\/wp-json\/wp\/v2\/types\/page"}],"author":[{"embeddable":true,"href":"https:\/\/www.digifai.com\/de\/wp-json\/wp\/v2\/users\/1"}],"replies":[{"embeddable":true,"href":"https:\/\/www.digifai.com\/de\/wp-json\/wp\/v2\/comments?post=4802"}],"version-history":[{"count":61,"href":"https:\/\/www.digifai.com\/de\/wp-json\/wp\/v2\/pages\/4802\/revisions"}],"predecessor-version":[{"id":7779,"href":"https:\/\/www.digifai.com\/de\/wp-json\/wp\/v2\/pages\/4802\/revisions\/7779"}],"up":[{"embeddable":true,"href":"https:\/\/www.digifai.com\/de\/wp-json\/wp\/v2\/pages\/4768"}],"wp:featuredmedia":[{"embeddable":true,"href":"https:\/\/www.digifai.com\/de\/wp-json\/wp\/v2\/media\/1310"}],"wp:attachment":[{"href":"https:\/\/www.digifai.com\/de\/wp-json\/wp\/v2\/media?parent=4802"}],"curies":[{"name":"wp","href":"https:\/\/api.w.org\/{rel}","templated":true}]}}