
{"id":4768,"date":"2023-02-07T12:20:18","date_gmt":"2023-02-07T10:20:18","guid":{"rendered":"https:\/\/www.digifai.com\/?page_id=4768"},"modified":"2025-05-05T07:22:09","modified_gmt":"2025-05-05T05:22:09","slug":"schulungen","status":"publish","type":"page","link":"https:\/\/www.digifai.com\/de\/service\/schulungen\/","title":{"rendered":"Schulungen"},"content":{"rendered":"<div class=\"wpb-content-wrapper\"><p>[vc_row bg_type=&#8220;image&#8220; bg_image=&#8220;1214&#8243; color_overlay=&#8220;primary-1&#8243; opacity_overlay=&#8220;40&#8243; padding_top_multiplier=&#8220;6x&#8220; padding_bottom_multiplier=&#8220;6x&#8220; columns_gap=&#8220;none&#8220; full_width=&#8220;stretch_row&#8220; parallax=&#8220;content-moving&#8220; css=&#8220;.vc_custom_1475570180820{padding-top: 100px !important;padding-bottom: 100px !important;background: #5e5e5e url(https:\/\/www.digifai.com\/wp-content\/uploads\/2015\/09\/hero-section-call-to-action-3268.jpg?id=769);background-position: center;background-repeat: no-repeat !important;background-size: cover !important;}&#8220; el_class=&#8220;hero-small&#8220;][vc_column vertical_content_position=&#8220;middle&#8220;][vc_custom_heading text=&#8220;Schulungen&#8220; font_container=&#8220;tag:h1|text_align:left|color:%23ffffff&#8220; use_theme_fonts=&#8220;yes&#8220; el_class=&#8220;headline-hero-small&#8220;][\/vc_column][\/vc_row][vc_row padding_top_multiplier=&#8220;4x&#8220; padding_bottom_multiplier=&#8220;4x&#8220; section_id=&#8220;introtext&#8220;][vc_column css=&#8220;.vc_custom_1675839648704{margin-top: 60px !important;margin-bottom: 0px !important;}&#8220;]<h3 class=\"eut-element eut-title eut-align-left eut-subtitle-text subhead\" style=\"\"><span>\/\/ Schulungen<\/span><\/h3><h2 class=\"eut-element eut-title eut-align-left eut-h2\" style=\"margin-bottom: 30px;\"><span>Werden Sie zum Profi<\/span><\/h2>[vc_column_text]Wir unterst\u00fctzen Sie mit unserem umfangreichen Know-how und praxisnahen Tipps.[\/vc_column_text][\/vc_column][\/vc_row][vc_row][vc_column]<h3 class=\"eut-element eut-title eut-align-left eut-h3\" style=\"margin-bottom: 30px;\"><span>Unser Schulungsangebot zur Simulationssoftware twin<\/span><\/h3><div class=\"eut-empty-space eut-height-1x\" style=\"\"><\/div><div class=\"eut-element eut-image-text eut-drop-shadow-large eut-layout-1 eut-align-right\" style=\"\"><div class=\"eut-image eut-position-right\"><img loading=\"lazy\" decoding=\"async\" width=\"768\" height=\"576\" src=\"https:\/\/www.digifai.com\/wp-content\/uploads\/2020\/05\/Techniker-mit-V3S-768x576.jpg\" class=\"attachment-medium_large size-medium_large\" alt=\"twin in Anwendung\" srcset=\"https:\/\/www.digifai.com\/wp-content\/uploads\/2020\/05\/Techniker-mit-V3S-768x576.jpg 768w, https:\/\/www.digifai.com\/wp-content\/uploads\/2020\/05\/Techniker-mit-V3S-300x225.jpg 300w, https:\/\/www.digifai.com\/wp-content\/uploads\/2020\/05\/Techniker-mit-V3S-560x420.jpg 560w, https:\/\/www.digifai.com\/wp-content\/uploads\/2020\/05\/Techniker-mit-V3S.jpg 800w\" sizes=\"auto, (max-width: 768px) 100vw, 768px\" \/><\/div>  <div class=\"eut-content eut-position-left eut-align-left\"><h2 class=\"eut-title eut-heading-color eut-h4\">twin Basics<\/h2>  <p class=\"eut-description\">Sie werden in die Simulationssoftware twin eingef\u00fchrt und lernen dabei die Grundkonzepte der Software kennen. Sie lernen, wie ganze Maschinen mit Materialtransport aufgebaut werden k\u00f6nnen. Nach dem Kurs sind Sie in der Lage, eigene Maschinen mit twin zu projektieren.<\/p><a href=\"https:\/\/www.digifai.com\/de\/service\/schulungen\/schulung-twin-basics\/\" title=\"mehr erfahren\" class=\"eut-link-text eut-read-more webinare-textbutton\">mehr erfahren<\/a>  <\/div><\/div><div class=\"eut-empty-space eut-height-1x\" style=\"\"><\/div><div class=\"eut-element eut-image-text eut-drop-shadow-large eut-layout-1 eut-align-right\" style=\"\"><div class=\"eut-image eut-position-right\"><img loading=\"lazy\" decoding=\"async\" width=\"768\" height=\"464\" src=\"https:\/\/www.digifai.com\/wp-content\/uploads\/2020\/05\/20190227_V3S_Screenshot-768x464.png\" class=\"attachment-medium_large size-medium_large\" alt=\"twin screenshot\" srcset=\"https:\/\/www.digifai.com\/wp-content\/uploads\/2020\/05\/20190227_V3S_Screenshot-768x464.png 768w, https:\/\/www.digifai.com\/wp-content\/uploads\/2020\/05\/20190227_V3S_Screenshot-300x181.png 300w, https:\/\/www.digifai.com\/wp-content\/uploads\/2020\/05\/20190227_V3S_Screenshot-1024x619.png 1024w, https:\/\/www.digifai.com\/wp-content\/uploads\/2020\/05\/20190227_V3S_Screenshot-1536x928.png 1536w, https:\/\/www.digifai.com\/wp-content\/uploads\/2020\/05\/20190227_V3S_Screenshot.png 1920w\" sizes=\"auto, (max-width: 768px) 100vw, 768px\" \/><\/div>  <div class=\"eut-content eut-position-left eut-align-left\"><h2 class=\"eut-title eut-heading-color eut-h4\">Machbarkeitsstudien mit twin<\/h2>  <p class=\"eut-description\">Sie lernen, wie Sie Maschinenkonzepte mit twin erstellen k\u00f6nnen. Wir zeigen Ihnen, wie komplexe Abl\u00e4ufe von Anlagen mit Scripts erstellt werden. Zudem zeigen wir Ihnen, wie sich beliebige Roboter in die Abl\u00e4ufe integrieren lassen. Sie sind nach der Schulung in der Lage, Machbarkeitsstudien mit twin projektieren zu k\u00f6nnen.<\/p><a href=\"https:\/\/www.digifai.com\/de\/service\/schulungen\/schulung-machbarkeitsstudien-mit-twin\/\" title=\"Jumpstart virtuelle Inbetriebnahme\" class=\"eut-link-text eut-read-more webinare-textbutton\">mehr erfahren<\/a>  <\/div><\/div><div class=\"eut-empty-space eut-height-1x\" style=\"\"><\/div><div class=\"eut-element eut-image-text eut-drop-shadow-large eut-layout-1 eut-align-right\" style=\"\"><div class=\"eut-image eut-position-right\"><img loading=\"lazy\" decoding=\"async\" width=\"768\" height=\"768\" src=\"https:\/\/www.digifai.com\/wp-content\/uploads\/2020\/05\/1024_1024_3d_hmi_interface-1-768x768.jpg\" class=\"attachment-medium_large size-medium_large\" alt=\"3d HMI Interface\" srcset=\"https:\/\/www.digifai.com\/wp-content\/uploads\/2020\/05\/1024_1024_3d_hmi_interface-1-768x768.jpg 768w, https:\/\/www.digifai.com\/wp-content\/uploads\/2020\/05\/1024_1024_3d_hmi_interface-1-300x300.jpg 300w, https:\/\/www.digifai.com\/wp-content\/uploads\/2020\/05\/1024_1024_3d_hmi_interface-1.jpg 1024w, https:\/\/www.digifai.com\/wp-content\/uploads\/2020\/05\/1024_1024_3d_hmi_interface-1-150x150.jpg 150w, https:\/\/www.digifai.com\/wp-content\/uploads\/2020\/05\/1024_1024_3d_hmi_interface-1-560x560.jpg 560w, https:\/\/www.digifai.com\/wp-content\/uploads\/2020\/05\/1024_1024_3d_hmi_interface-1-900x900.jpg 900w\" sizes=\"auto, (max-width: 768px) 100vw, 768px\" \/><\/div>  <div class=\"eut-content eut-position-left eut-align-left\"><h2 class=\"eut-title eut-heading-color eut-h4\">twin als interaktives 3D-HMI<\/h2>  <p class=\"eut-description\">Neu im Thema? Wir unterst\u00fctzen Sie bei der Erstellung der notwendigen Simulationsmodelle, damit Sie sofort durchstarten k\u00f6nnen.<\/p><a href=\"https:\/\/www.digifai.com\/de\/service\/schulungen\/schulung-twin-als-interaktives-3d-hmi\/\" title=\"Jumpstart virtuelle Inbetriebnahme\" class=\"eut-link-text eut-read-more webinare-textbutton\">mehr erfahren<\/a>  <\/div><\/div><div class=\"eut-empty-space eut-height-1x\" style=\"\"><\/div><div class=\"eut-element eut-image-text eut-drop-shadow-large eut-layout-1 eut-align-right\" style=\"\"><div class=\"eut-image eut-position-right\"><img loading=\"lazy\" decoding=\"async\" width=\"642\" height=\"642\" src=\"https:\/\/www.digifai.com\/wp-content\/uploads\/2020\/05\/API.png\" class=\"attachment-medium_large size-medium_large\" alt=\"API - twin Funktionen\" srcset=\"https:\/\/www.digifai.com\/wp-content\/uploads\/2020\/05\/API.png 642w, https:\/\/www.digifai.com\/wp-content\/uploads\/2020\/05\/API-300x300.png 300w, https:\/\/www.digifai.com\/wp-content\/uploads\/2020\/05\/API-150x150.png 150w, https:\/\/www.digifai.com\/wp-content\/uploads\/2020\/05\/API-560x560.png 560w\" sizes=\"auto, (max-width: 642px) 100vw, 642px\" \/><\/div>  <div class=\"eut-content eut-position-left eut-align-left\"><h2 class=\"eut-title eut-heading-color eut-h4\">Simulationskomponenten selbst entwickeln<\/h2>  <p class=\"eut-description\">In diesem Kurs lernen Sie, wie Sie F\u00e4higkeiten von twin mit selbst entwickelten Simulationskomponenten erweitern k\u00f6nnen. Sie lernen die Entwicklungsumgebung kennen sowie Methoden, um Ihre entwickelten Simulationskomponenten zu testen.<\/p><a href=\"https:\/\/www.digifai.com\/de\/service\/schulungen\/schulung-simulationskomponenten-selbst-entwickeln\/\" title=\"Jumpstart virtuelle Inbetriebnahme\" class=\"eut-link-text eut-read-more webinare-textbutton\">mehr erfahren<\/a>  <\/div><\/div>[\/vc_column][\/vc_row][vc_row][vc_column]<h3 class=\"eut-element eut-title eut-align-left eut-h3\" style=\"margin-bottom: 30px;\"><span>Schulungsort<\/span><\/h3>[vc_row_inner][vc_column_inner width=&#8220;1\/2&#8243;][vc_column_text]S\u00e4mtliche Schulungen finden in unseren modernen Schulungsr\u00e4umen statt.<\/p>\n<p><strong>Adresse:<\/strong><br \/>\nDr.-Walter-Zumtobel-Stra\u00dfe 8<br \/>\n6850 Dornbirn<br \/>\nAustria[\/vc_column_text][\/vc_column_inner][vc_column_inner width=&#8220;1\/2&#8243;]<div class=\"eut-element eut-image eut-align-center\" style=\"\">  <div class=\"eut-image-wrapper\"><img loading=\"lazy\" decoding=\"async\" width=\"2560\" height=\"1440\" src=\"https:\/\/www.digifai.com\/wp-content\/uploads\/2023\/02\/1_Aussenansicht-scaled.jpg\" class=\"attachment-full size-full\" alt=\"Neubau\" srcset=\"https:\/\/www.digifai.com\/wp-content\/uploads\/2023\/02\/1_Aussenansicht-scaled.jpg 2560w, https:\/\/www.digifai.com\/wp-content\/uploads\/2023\/02\/1_Aussenansicht-300x169.jpg 300w, https:\/\/www.digifai.com\/wp-content\/uploads\/2023\/02\/1_Aussenansicht-1024x576.jpg 1024w, https:\/\/www.digifai.com\/wp-content\/uploads\/2023\/02\/1_Aussenansicht-768x432.jpg 768w, https:\/\/www.digifai.com\/wp-content\/uploads\/2023\/02\/1_Aussenansicht-1536x864.jpg 1536w, https:\/\/www.digifai.com\/wp-content\/uploads\/2023\/02\/1_Aussenansicht-1170x658.jpg 1170w, https:\/\/www.digifai.com\/wp-content\/uploads\/2023\/02\/1_Aussenansicht-1920x1080.jpg 1920w\" sizes=\"auto, (max-width: 2560px) 100vw, 2560px\" \/>   <\/div><\/div>[\/vc_column_inner][\/vc_row_inner]<div class=\"eut-empty-space eut-height-1x\" style=\"\"><\/div>[vc_raw_html]JTNDaWZyYW1lJTIwc3JjJTNEJTIyaHR0cHMlM0ElMkYlMkZ3d3cuZ29vZ2xlLmNvbSUyRm1hcHMlMkZlbWJlZCUzRnBiJTNEJTIxMW0xOCUyMTFtMTIlMjExbTMlMjExZDI2OTguODEyMDcwMzk5NjA2JTIxMmQ5Ljc0NTQ2NjYxNjI2NTU3MiUyMTNkNDcuNDM1MTA3NzA3ODAxMDQlMjEybTMlMjExZjAlMjEyZjAlMjEzZjAlMjEzbTIlMjExaTEwMjQlMjEyaTc2OCUyMTRmMTMuMSUyMTNtMyUyMTFtMiUyMTFzMHg0NzliMTM1NmIwZjJjNGY1JTI1M0EweGFkN2Q1Yjc4N2FhOWUxYmIlMjEyc0ViZXJsZSUyNTIwQXV0b21hdGlzY2hlJTI1MjBTeXN0ZW1lJTI1MjBHbWJIJTI1MjAlMjUyNiUyNTIwQ28lMjUyMEtHJTIxNWUwJTIxM20yJTIxMXNkZSUyMTJzYXQlMjE0djE2NzY2NDE3MjIyODElMjE1bTIlMjExc2RlJTIxMnNhdCUyMiUyMHdpZHRoJTNEJTIyMTkyMCUyMiUyMGhlaWdodCUzRCUyMjQ1MCUyMiUyMHN0eWxlJTNEJTIyYm9yZGVyJTNBMCUzQiUyMiUyMGFsbG93ZnVsbHNjcmVlbiUzRCUyMiUyMiUyMGxvYWRpbmclM0QlMjJsYXp5JTIyJTIwcmVmZXJyZXJwb2xpY3klM0QlMjJuby1yZWZlcnJlci13aGVuLWRvd25ncmFkZSUyMiUzRSUzQyUyRmlmcmFtZSUzRQ==[\/vc_raw_html][\/vc_column][\/vc_row][vc_row][vc_column]<div class=\"templatera_shortcode\"><div class=\"eut-section eut-row-section eut-fullwidth-background eut-bg-none\"><div class=\"eut-container\"><div class=\"eut-row eut-bookmark eut-columns-gap-30\"><div class=\"eut-column wpb_column eut-column-1\" ><div class=\"eut-column-wrapper\" >\t\t\t<div class=\"eut-modal-element mfp-hide eut-modal-dialog eut-bg-white eut-drop-shadow eut-content-large eut-headings-light\" id=\"demo\">\r\n\t\t\t\t<div class=\"eut-section eut-modal-section\">\r\n\t\t\t\t\t<div class=\"eut-container\">\r\n\t\t\t\t\t\t<div class=\"eut-row eut-columns-gap-30\">\r\n\t\t\t\t\t\t\t<div class=\"eut-column eut-column-1\">\r\n\t\t\t\t\t\t\t<div class=\"eut-row-inner eut-bookmark vc_custom_1601366007529\">\r\n\t\t<div class=\"eut-column-inner wpb_column eut-column-1\">\r\n\t\t\t<div class=\"eut-column-wrapper-inner\">\r\n\t\t\t<h3 class=\"eut-element eut-title eut-align-left eut-subtitle-text subhead\" style=\"margin-bottom: 20px;\"><span>\r\n<p style=\"text-align: left;\">\/\/ Demo anfragen<br>\r\n<\/span><\/h3><h2 class=\"eut-element eut-title eut-align-left eut-h3\" style=\"\"><span><span style=\"color: #0a3b61;\">Unsere Produkte haben Sie neugierig gemacht? Das freut uns! Gerne zeigen wir Ihnen die M\u00f6glichkeiten bei einer Live-Demonstration.\r\n<\/span><\/span><\/h2><div class=\"eut-empty-space eut-height-1x\" style=\"\"><\/div>\n<div class=\"wpcf7 no-js\" id=\"wpcf7-f730-o1\" lang=\"de-DE\" dir=\"ltr\" data-wpcf7-id=\"730\">\n<div class=\"screen-reader-response\"><p role=\"status\" aria-live=\"polite\" aria-atomic=\"true\"><\/p> <ul><\/ul><\/div>\n<form action=\"\/de\/wp-json\/wp\/v2\/pages\/4768#wpcf7-f730-o1\" method=\"post\" class=\"wpcf7-form init\" aria-label=\"Kontaktformular\" novalidate=\"novalidate\" data-status=\"init\">\n<fieldset class=\"hidden-fields-container\"><input type=\"hidden\" name=\"_wpcf7\" value=\"730\" \/><input type=\"hidden\" name=\"_wpcf7_version\" value=\"6.1.5\" \/><input type=\"hidden\" name=\"_wpcf7_locale\" value=\"de_DE\" \/><input type=\"hidden\" name=\"_wpcf7_unit_tag\" value=\"wpcf7-f730-o1\" \/><input type=\"hidden\" name=\"_wpcf7_container_post\" value=\"0\" \/><input type=\"hidden\" name=\"_wpcf7_posted_data_hash\" value=\"\" \/>\n<\/fieldset>\n<div class=\"eut-form eut-fields-round eut-align-left\">\n\t<div class=\"eut-fields-wrapper\">\n\t\t<div class=\"formular\">\n\t\t\t<p><label class=\"label-2\">Anrede <span class=\"wpcf7-form-control-wrap\" data-name=\"your-salutation\"><input size=\"40\" maxlength=\"400\" class=\"wpcf7-form-control wpcf7-text\" aria-invalid=\"false\" placeholder=\"Anrede\" value=\"\" type=\"text\" name=\"your-salutation\" \/><\/span><\/label>\n\t\t\t<\/p>\n\t\t<\/div>\n\t\t<div class=\"formular\">\n\t\t\t<p><label class=\"label-2\">Vorname* <span class=\"wpcf7-form-control-wrap\" data-name=\"your-firstname\"><input size=\"40\" maxlength=\"400\" class=\"wpcf7-form-control wpcf7-text wpcf7-validates-as-required\" aria-required=\"true\" aria-invalid=\"false\" placeholder=\"Vorname\" value=\"\" type=\"text\" name=\"your-firstname\" \/><\/span><\/label>\n\t\t\t<\/p>\n\t\t<\/div>\n\t\t<div class=\"formular\">\n\t\t\t<p><label class=\"label-2\">Nachname* <span class=\"wpcf7-form-control-wrap\" data-name=\"your-lastname\"><input size=\"40\" maxlength=\"400\" class=\"wpcf7-form-control wpcf7-text wpcf7-validates-as-required\" aria-required=\"true\" aria-invalid=\"false\" placeholder=\"Nachname\" value=\"\" type=\"text\" name=\"your-lastname\" \/><\/span><\/label>\n\t\t\t<\/p>\n\t\t<\/div>\n\t\t<div class=\"formular\">\n\t\t\t<p><label class=\"label-2\">Firma* <span class=\"wpcf7-form-control-wrap\" data-name=\"your-company\"><input size=\"40\" maxlength=\"400\" class=\"wpcf7-form-control wpcf7-text wpcf7-validates-as-required\" aria-required=\"true\" aria-invalid=\"false\" placeholder=\"Firma\" value=\"\" type=\"text\" name=\"your-company\" \/><\/span><\/label>\n\t\t\t<\/p>\n\t\t<\/div>\n\t\t<div class=\"formular\">\n\t\t\t<p><label class=\"label-2\">E-Mail* <span class=\"wpcf7-form-control-wrap\" data-name=\"your-email\"><input size=\"40\" maxlength=\"400\" class=\"wpcf7-form-control wpcf7-email wpcf7-validates-as-required wpcf7-text wpcf7-validates-as-email\" aria-required=\"true\" aria-invalid=\"false\" placeholder=\"E-Mail\" value=\"\" type=\"email\" name=\"your-email\" \/><\/span><\/label>\n\t\t\t<\/p>\n\t\t<\/div>\n\t\t<div class=\"formular\">\n\t\t\t<p><label class=\"label-2\">Produkt <span class=\"wpcf7-form-control-wrap\" data-name=\"product-menu\"><select class=\"wpcf7-form-control wpcf7-select\" aria-invalid=\"false\" name=\"product-menu\"><option value=\"twin - Virtuelle Inbetriebnahme am digitalen Zwilling\">twin - Virtuelle Inbetriebnahme am digitalen Zwilling<\/option><option value=\"control - Die IoT Plattform\">control - Die IoT Plattform<\/option><option value=\"storage - Der Profi in der K\u00e4sekellerlogistik\">storage - Der Profi in der K\u00e4sekellerlogistik<\/option><\/select><\/span><\/label>\n\t\t\t<\/p>\n\t\t<\/div>\n\t\t<div class=\"formular\">\n\t\t\t<p><label class=\"label-2\">Nachricht <span class=\"wpcf7-form-control-wrap\" data-name=\"your-message\"><textarea cols=\"40\" rows=\"10\" maxlength=\"2000\" class=\"wpcf7-form-control wpcf7-textarea\" aria-invalid=\"false\" placeholder=\"Nachricht\" name=\"your-message\"><\/textarea><\/span><\/label>\n\t\t\t<\/p>\n\t\t<\/div>\n\t\t<div class=\"formular\">\n\t\t\t<p><label class=\"label-2\">Nachricht* <span id=\"wpcf7-69f48a40f188a-wrapper\" class=\"wpcf7-form-control-wrap honeypot-258-wrap\" style=\"display:none !important; visibility:hidden !important;\"><input type=\"hidden\" name=\"honeypot-258-time-start\" value=\"1777633856\"><input type=\"hidden\" name=\"honeypot-258-time-check\" value=\"4\"><label for=\"wpcf7-69f48a40f188a-field\" class=\"hp-message\">Bitte lasse dieses Feld leer.<\/label><input id=\"wpcf7-69f48a40f188a-field\"  class=\"wpcf7-form-control wpcf7-text\" type=\"text\" name=\"honeypot-258\" value=\"\" size=\"40\" tabindex=\"-1\" autocomplete=\"new-password\" \/><\/span><\/label>\n\t\t\t<\/p>\n\t\t<\/div>\n\t\t<div class=\"checkbox\">\n\t\t\t<p><span class=\"wpcf7-form-control-wrap\" data-name=\"acceptance-540\"><span class=\"wpcf7-form-control wpcf7-acceptance\"><span class=\"wpcf7-list-item\"><label><input type=\"checkbox\" name=\"acceptance-540\" value=\"1\" aria-invalid=\"false\" \/><span class=\"wpcf7-list-item-label\">Ich habe die <a href=\"https:\/\/www.digifai.com\/datenschutz\/\">Datenschutzbestimmungen<\/a> gelesen und verstanden.<\/span><\/label><\/span><\/span><\/span>\n\t\t\t<\/p>\n\t\t<\/div>\n\t\t<div class=\"pflichtfeld\">\n\t\t\t<p>*Pflichtfeld\n\t\t\t<\/p>\n\t\t<\/div>\n\t\t<div>\n\t\t\t<p><input class=\"wpcf7-form-control wpcf7-submit has-spinner button-gradient\" type=\"submit\" value=\"Anfrage absenden\" \/>\n\t\t\t<\/p>\n\t\t<\/div>\n\t<\/div>\n<\/div>\n<p class='cahaba'><span class=\"wpcf7-form-control-wrap\" data-name=\"cahaba\"><input size=\"40\" maxlength=\"400\" class=\"wpcf7-form-control wpcf7-text\" aria-invalid=\"false\" value=\"\" type=\"text\" name=\"cahaba\" \/><\/span>\n<\/p>\n<p class='wumidi'><span class=\"wpcf7-form-control-wrap\" data-name=\"wumidi\"><input size=\"40\" maxlength=\"400\" class=\"wpcf7-form-control wpcf7-text\" aria-invalid=\"false\" value=\"\" type=\"text\" name=\"wumidi\" \/><\/span>\n<\/p><div class=\"wpcf7-response-output\" aria-hidden=\"true\"><\/div>\n<\/form>\n<\/div>\n\r\n\t\t\t<\/div>\r\n\t\t<\/div>\r\n\t<\/div>\t\t\t\t\t\t\t<\/div>\r\n\t\t\t\t\t\t<\/div>\r\n\t\t\t\t\t<\/div>\r\n\t\t\t\t<\/div>\r\n\t\t\t<\/div>\r\n\t\t<\/div><\/div><\/div><\/div><div class=\"eut-background-wrapper\"><\/div><\/div><\/div>[\/vc_column][\/vc_row]<\/p>\n<\/div>","protected":false},"excerpt":{"rendered":"Schulungen \/\/ SchulungenWerden Sie zum Profi Wir unterst\u00fctzen Sie mit unserem umfangreichen Know-how und praxisnahen Tipps. Unser Schulungsangebot zur Simulationssoftware twin twin Basics Sie werden in die Simulationssoftware twin eingef\u00fchrt und lernen dabei die Grundkonzepte der Software kennen. Sie lernen, wie ganze Maschinen mit Materialtransport aufgebaut werden k\u00f6nnen. Nach dem Kurs sind Sie in der [...]","protected":false},"author":1,"featured_media":0,"parent":1200,"menu_order":0,"comment_status":"closed","ping_status":"open","template":"","meta":{"footnotes":""},"class_list":["post-4768","page","type-page","status-publish","hentry"],"acf":[],"_links":{"self":[{"href":"https:\/\/www.digifai.com\/de\/wp-json\/wp\/v2\/pages\/4768","targetHints":{"allow":["GET"]}}],"collection":[{"href":"https:\/\/www.digifai.com\/de\/wp-json\/wp\/v2\/pages"}],"about":[{"href":"https:\/\/www.digifai.com\/de\/wp-json\/wp\/v2\/types\/page"}],"author":[{"embeddable":true,"href":"https:\/\/www.digifai.com\/de\/wp-json\/wp\/v2\/users\/1"}],"replies":[{"embeddable":true,"href":"https:\/\/www.digifai.com\/de\/wp-json\/wp\/v2\/comments?post=4768"}],"version-history":[{"count":35,"href":"https:\/\/www.digifai.com\/de\/wp-json\/wp\/v2\/pages\/4768\/revisions"}],"predecessor-version":[{"id":7265,"href":"https:\/\/www.digifai.com\/de\/wp-json\/wp\/v2\/pages\/4768\/revisions\/7265"}],"up":[{"embeddable":true,"href":"https:\/\/www.digifai.com\/de\/wp-json\/wp\/v2\/pages\/1200"}],"wp:attachment":[{"href":"https:\/\/www.digifai.com\/de\/wp-json\/wp\/v2\/media?parent=4768"}],"curies":[{"name":"wp","href":"https:\/\/api.w.org\/{rel}","templated":true}]}}