
{"id":1559,"date":"2020-05-26T18:01:21","date_gmt":"2020-05-26T16:01:21","guid":{"rendered":"https:\/\/www.digifai.com\/?page_id=1559"},"modified":"2025-04-25T11:23:37","modified_gmt":"2025-04-25T09:23:37","slug":"forschung-und-lehre","status":"publish","type":"page","link":"https:\/\/www.digifai.com\/de\/anwendungsbereiche\/forschung-und-lehre\/","title":{"rendered":"Forschung und Lehre"},"content":{"rendered":"<div class=\"wpb-content-wrapper\"><p>[vc_row bg_type=&#8220;image&#8220; bg_image=&#8220;87&#8243; color_overlay=&#8220;primary-1&#8243; opacity_overlay=&#8220;40&#8243; padding_top_multiplier=&#8220;6x&#8220; padding_bottom_multiplier=&#8220;6x&#8220; columns_gap=&#8220;none&#8220; full_width=&#8220;stretch_row&#8220; parallax=&#8220;content-moving&#8220; css=&#8220;.vc_custom_1475570180820{padding-top: 100px !important;padding-bottom: 100px !important;background: #5e5e5e url(https:\/\/www.digifai.com\/wp-content\/uploads\/2015\/09\/hero-section-call-to-action-3268.jpg?id=769);background-position: center;background-repeat: no-repeat !important;background-size: cover !important;}&#8220; el_class=&#8220;hero-small&#8220;][vc_column vertical_content_position=&#8220;middle&#8220;][vc_custom_heading text=&#8220;Forschung und Lehre&#8220; font_container=&#8220;tag:h1|text_align:left|color:%23ffffff&#8220; use_theme_fonts=&#8220;yes&#8220; el_class=&#8220;headline-hero-small&#8220;][\/vc_column][\/vc_row][vc_row equal_column_height=&#8220;middle-content&#8220; font_color=&#8220;#ffffff&#8220;][vc_column]<div class=\"eut-empty-space eut-height-5x\" style=\"\"><\/div>[vc_row_inner][vc_column_inner css=&#8220;.vc_custom_1589296974228{margin-bottom: 50px !important;}&#8220;]<h3 class=\"eut-element eut-title eut-align-left eut-subtitle-text subhead\" style=\"margin-bottom: 20px;\"><span>\/\/ Anwendungsbereich<\/span><\/h3><h2 class=\"eut-element eut-title eut-align-left eut-h2\" style=\"\"><span>Vorteile f\u00fcr die Forschung und Lehre<\/span><\/h2>[\/vc_column_inner][\/vc_row_inner]<div class=\"eut-element eut-flexible-carousel eut-carousel eut-layout-1 eut-with-gap eut-carousel-pagination-1\" style=\"\"><div class=\"eut-carousel-wrapper\"><div class=\"eut-carousel-navigation eut-dark eut-navigation-1 eut-navigation-carousel\">\t<div class=\"eut-carousel-buttons\">\t\t<div class=\"eut-carousel-prev\">\t\t\t<i class=\"eut-icon-nav-left-small\"><\/i>\t\t<\/div>\t\t<div class=\"eut-carousel-next\">\t\t\t<i class=\"eut-icon-nav-right-small\"><\/i>\t\t<\/div>\t<\/div><\/div>\t<div class=\"eut-flexible-carousel-element \" data-items=\"3\" data-items-tablet-landscape=\"3\" data-items-tablet-portrait=\"2\" data-items-mobile=\"1\" data-slider-speed=\"3000\" data-pagination-speed=\"400\" data-pagination=\"yes\" data-slider-autoheight=\"no\" data-slider-pause=\"yes\" data-slider-autoplay=\"yes\">[vc_row_inner][vc_column_inner css=&#8220;.vc_custom_1590494771866{padding-top: 50px !important;padding-right: 20px !important;padding-bottom: 50px !important;padding-left: 20px !important;background-color: #0a4f82 !important;}&#8220; el_wrapper_class=&#8220;anwendungsbereiche-slider&#8220;]<h3 class=\"eut-element eut-title eut-align-left eut-h4 white-title\" style=\"\"><span>Kosteng\u00fcnstig<\/span><\/h3>[\/vc_column_inner][\/vc_row_inner][vc_row_inner][vc_column_inner css=&#8220;.vc_custom_1590494649316{padding-top: 50px !important;padding-right: 20px !important;padding-bottom: 50px !important;padding-left: 20px !important;background-color: #0a4f82 !important;}&#8220; el_wrapper_class=&#8220;anwendungsbereiche-slider&#8220;]<h3 class=\"eut-element eut-title eut-align-left eut-h4 white-title\" style=\"\"><span>Platzsparend<\/span><\/h3>[\/vc_column_inner][\/vc_row_inner][vc_row_inner][vc_column_inner css=&#8220;.vc_custom_1590494682166{padding-top: 50px !important;padding-right: 20px !important;padding-bottom: 50px !important;padding-left: 20px !important;background-color: #0a4f82 !important;}&#8220; el_wrapper_class=&#8220;anwendungsbereiche-slider&#8220;]<h3 class=\"eut-element eut-title eut-align-left eut-h4 white-title\" style=\"\"><span>Intuitive Bedienung<\/span><\/h3>[\/vc_column_inner][\/vc_row_inner]\t<\/div>  <\/div><\/div>[\/vc_column][\/vc_row][vc_row padding_top_multiplier=&#8220;4x&#8220; padding_bottom_multiplier=&#8220;4x&#8220; section_id=&#8220;introtext&#8220;][vc_column css=&#8220;.vc_custom_1588095737079{margin-top: 60px !important;margin-bottom: 60px !important;}&#8220;]<h3 class=\"eut-element eut-title eut-align-left eut-subtitle-text subhead\" style=\"\"><span>\/\/ Einsatz<\/span><\/h3><h2 class=\"eut-element eut-title eut-align-left eut-h2\" style=\"margin-bottom: 30px;\"><span><span class=\"TextRun BCX0 SCXW255700307\" lang=\"DE-DE\" xml:lang=\"DE-DE\" data-contrast=\"auto\"><span class=\"NormalTextRun BCX0 SCXW255700307\">twin im Einsatz<\/span><\/span><\/span><\/h2>[vc_column_text]Forschen in digitalen Fabriken wird mit twin real. Komplette Fabriken k\u00f6nnen in der 3D Animation dargestellt werden. Dadurch entfallen kostspielige reale oder ungenaue modellhafte Aufbauten. Mit twin setzen Sie Ihre Versuchsfabrik oder Ihren Prototypen digital um. Das bedeutet weniger Kosten und weniger Platzbedarf. Dank der Technologie Hardware in the Loop laufen Algorithmen auf den realen Steuerungen. Mit der in twin integrierten Multiphysiksimulation k\u00f6nnen tiefste Details modelliert werden. Beispielsweise erh\u00f6ht ein Temperaturanstieg die Reibung in der 3D Animation genauso, wie es in Realit\u00e4t auch passieren w\u00fcrde. twin zeigt im Modell was real passiert! Der Einstieg in die Software ist dank der intuitiven Bedienung einfach und unkompliziert. Installieren und losstarten![\/vc_column_text][\/vc_column][\/vc_row][vc_row][vc_column]<div class=\"templatera_shortcode\"><div class=\"eut-section eut-row-section eut-fullwidth-background eut-bg-none eut-headings-light eut-custom-height eut-middle-content eas-background--transparent eas-parentcontainer--fullwidth\" data-tablet-portrait-equal-columns=\"false\" data-mobile-equal-columns=\"false\"><div class=\"eut-container\"><div class=\"eut-row eut-bookmark eut-columns-gap-30\"><div class=\"eut-column wpb_column eut-column-1-2 eut-headings-primary-1 eut-tablet-sm-column-1\"  style=\"color:#0a3b61;\" ><div class=\"eut-column-wrapper\" ><h3 class=\"eut-element eut-title eut-align-left eut-subtitle-text subhead\" style=\"margin-bottom: 20px;\"><span>\r\n<p style=\"text-align: left;\">\/\/ Kontakt<br>\r\n<\/span><\/h3><h2 class=\"eut-element eut-title eut-align-left eut-h2\" style=\"\"><span>Lernen Sie uns kennen<\/span><\/h2><div class=\"eut-element eut-text vc_custom_1592983044497\">\r\n\t\t\t<p>Wir helfen Ihnen dabei, Ihre Systeme zu digifizieren, intelligent zu machen. Damit Sie mehr von den Daten haben, die ohnehin verf\u00fcgbar sind. Wie wir Ihnen weiterhelfen k\u00f6nnen, besprechen wir gerne pers\u00f6nlich mit Ihnen.<\/p>\n\r\n\t\t<\/div>\r\n\t<div class=\"eut-row-inner eut-bookmark vc_custom_1592983557677\">\r\n\t\t<div class=\"eut-column-inner wpb_column eut-column-1-3 eut-mobile-column-1-3\">\r\n\t\t\t<div class=\"eut-column-wrapper-inner vc_custom_1593066823278\">\r\n\t\t\t<div class=\"eut-element eut-image kontakt-image eut-align-left\" style=\"\">  <div class=\"eut-image-wrapper\"><img loading=\"lazy\" decoding=\"async\" width=\"560\" height=\"560\" src=\"https:\/\/www.digifai.com\/wp-content\/uploads\/2020\/06\/Portrait_Michael_Eberle_1x1_800p_20260125-560x560.png\" class=\"eut-circle attachment-fildisi-eutf-small-square size-fildisi-eutf-small-square\" alt=\"Michael Eberle \u2013 digifai\" srcset=\"https:\/\/www.digifai.com\/wp-content\/uploads\/2020\/06\/Portrait_Michael_Eberle_1x1_800p_20260125-560x560.png 560w, https:\/\/www.digifai.com\/wp-content\/uploads\/2020\/06\/Portrait_Michael_Eberle_1x1_800p_20260125-300x300.png 300w, https:\/\/www.digifai.com\/wp-content\/uploads\/2020\/06\/Portrait_Michael_Eberle_1x1_800p_20260125-150x150.png 150w, https:\/\/www.digifai.com\/wp-content\/uploads\/2020\/06\/Portrait_Michael_Eberle_1x1_800p_20260125-768x768.png 768w, https:\/\/www.digifai.com\/wp-content\/uploads\/2020\/06\/Portrait_Michael_Eberle_1x1_800p_20260125.png 800w\" sizes=\"auto, (max-width: 560px) 100vw, 560px\" \/>   <\/div><\/div>\r\n\t\t\t<\/div>\r\n\t\t<\/div>\r\n\t\r\n\t\t<div class=\"eut-column-inner wpb_column eut-column-2-3\">\r\n\t\t\t<div class=\"eut-column-wrapper-inner\">\r\n\t\t\t<div class=\"eut-element eut-text vc_custom_1769767148463\">\r\n\t\t\t<p class=\"p1\"><strong><span class=\"s1\">Michael Eberle<br \/>\n<\/span><\/strong><span class=\"s1\">Head of digifai<br \/>\n<\/span><span class=\"s1\">+43 5572 55580 803<\/span><br \/>\n<a class=\"blue-link\" href=\"mailto:michael.eberle@digifai.com\" target=\"_blank\" rel=\"noopener noreferrer\">michael.eberle@digifai.com<\/a><\/p>\n\r\n\t\t<\/div>\r\n\t\r\n\t\t\t<\/div>\r\n\t\t<\/div>\r\n\t<\/div><div class=\"eut-empty-space eut-height-1x\" style=\"\"><\/div><\/div><\/div><div class=\"eut-column wpb_column eut-column-1-2 eut-headings-dark eut-tablet-sm-column-1 formular\"  style=\"color:#000000;\" ><div class=\"eut-column-wrapper vc_custom_1593067217665 eut-drop-shadow-large\" >\n<div class=\"wpcf7 no-js\" id=\"wpcf7-f262-o1\" lang=\"de-DE\" dir=\"ltr\" data-wpcf7-id=\"262\">\n<div class=\"screen-reader-response\"><p role=\"status\" aria-live=\"polite\" aria-atomic=\"true\"><\/p> <ul><\/ul><\/div>\n<form action=\"\/de\/wp-json\/wp\/v2\/pages\/1559#wpcf7-f262-o1\" method=\"post\" class=\"wpcf7-form init\" aria-label=\"Kontaktformular\" novalidate=\"novalidate\" data-status=\"init\">\n<fieldset class=\"hidden-fields-container\"><input type=\"hidden\" name=\"_wpcf7\" value=\"262\" \/><input type=\"hidden\" name=\"_wpcf7_version\" value=\"6.1.5\" \/><input type=\"hidden\" name=\"_wpcf7_locale\" value=\"de_DE\" \/><input type=\"hidden\" name=\"_wpcf7_unit_tag\" value=\"wpcf7-f262-o1\" \/><input type=\"hidden\" name=\"_wpcf7_container_post\" value=\"0\" \/><input type=\"hidden\" name=\"_wpcf7_posted_data_hash\" value=\"\" \/>\n<\/fieldset>\n<div class=\"eut-form eut-fields-round eut-align-left\">\n\t<div class=\"eut-fields-wrapper\">\n\t\t<div class=\"formular\">\n\t\t\t<p><label class=\"label-2\">Vorname* <span class=\"wpcf7-form-control-wrap\" data-name=\"your-firstname\"><input size=\"40\" maxlength=\"400\" class=\"wpcf7-form-control wpcf7-text wpcf7-validates-as-required\" aria-required=\"true\" aria-invalid=\"false\" placeholder=\"Vorname\" value=\"\" type=\"text\" name=\"your-firstname\" \/><\/span><\/label>\n\t\t\t<\/p>\n\t\t<\/div>\n\t\t<div class=\"formular\">\n\t\t\t<p><label class=\"label-2\">Nachname* <span class=\"wpcf7-form-control-wrap\" data-name=\"your-lastname\"><input size=\"40\" maxlength=\"400\" class=\"wpcf7-form-control wpcf7-text wpcf7-validates-as-required\" aria-required=\"true\" aria-invalid=\"false\" placeholder=\"Nachname\" value=\"\" type=\"text\" name=\"your-lastname\" \/><\/span><\/label>\n\t\t\t<\/p>\n\t\t<\/div>\n\t\t<div class=\"formular\">\n\t\t\t<p><label class=\"label-2\">Firma* <span class=\"wpcf7-form-control-wrap\" data-name=\"your-company\"><input size=\"40\" maxlength=\"400\" class=\"wpcf7-form-control wpcf7-text wpcf7-validates-as-required\" aria-required=\"true\" aria-invalid=\"false\" placeholder=\"Firma\" value=\"\" type=\"text\" name=\"your-company\" \/><\/span><\/label>\n\t\t\t<\/p>\n\t\t<\/div>\n\t\t<div class=\"formular\">\n\t\t\t<p><label class=\"label-2\">E-Mail* <span class=\"wpcf7-form-control-wrap\" data-name=\"your-email\"><input size=\"40\" maxlength=\"400\" class=\"wpcf7-form-control wpcf7-email wpcf7-validates-as-required wpcf7-text wpcf7-validates-as-email\" aria-required=\"true\" aria-invalid=\"false\" placeholder=\"E-Mail\" value=\"\" type=\"email\" name=\"your-email\" \/><\/span><\/label>\n\t\t\t<\/p>\n\t\t<\/div>\n\t\t<div class=\"formular\">\n\t\t\t<p><label class=\"label-2\">Thema ausw\u00e4hlen <span class=\"wpcf7-form-control-wrap\" data-name=\"menu-184\"><select class=\"wpcf7-form-control wpcf7-select\" aria-invalid=\"false\" name=\"menu-184\"><option value=\"Erfassen von Betriebsdaten\">Erfassen von Betriebsdaten<\/option><option value=\"Simulation und virtuelle Inbetriebnahme\">Simulation und virtuelle Inbetriebnahme<\/option><\/select><\/span><\/label>\n\t\t\t<\/p>\n\t\t<\/div>\n\t\t<div class=\"formular\">\n\t\t\t<p><label class=\"label-2\">Nachricht* <span class=\"wpcf7-form-control-wrap\" data-name=\"your-message\"><textarea cols=\"40\" rows=\"10\" maxlength=\"2000\" class=\"wpcf7-form-control wpcf7-textarea wpcf7-validates-as-required\" aria-required=\"true\" aria-invalid=\"false\" placeholder=\"Nachricht\" name=\"your-message\"><\/textarea><\/span><\/label>\n\t\t\t<\/p>\n\t\t<\/div>\n\t\t<div class=\"formular\">\n\t\t\t<p><label class=\"label-2\">Nachricht* <span id=\"wpcf7-69f979c3041e1-wrapper\" class=\"wpcf7-form-control-wrap honeypot-518-wrap\" style=\"display:none !important; visibility:hidden !important;\"><input type=\"hidden\" name=\"honeypot-518-time-start\" value=\"1777957315\"><input type=\"hidden\" name=\"honeypot-518-time-check\" value=\"4\"><label for=\"wpcf7-69f979c3041e1-field\" class=\"hp-message\">Bitte lasse dieses Feld leer.<\/label><input id=\"wpcf7-69f979c3041e1-field\"  class=\"wpcf7-form-control wpcf7-text\" type=\"text\" name=\"honeypot-518\" value=\"\" size=\"40\" tabindex=\"-1\" autocomplete=\"new-password\" \/><\/span><\/label>\n\t\t\t<\/p>\n\t\t<\/div>\n\t\t<div class=\"checkbox\">\n\t\t\t<p><span class=\"wpcf7-form-control-wrap\" data-name=\"acceptance-540\"><span class=\"wpcf7-form-control wpcf7-acceptance\"><span class=\"wpcf7-list-item\"><label><input type=\"checkbox\" name=\"acceptance-540\" value=\"1\" aria-invalid=\"false\" \/><span class=\"wpcf7-list-item-label\">Ich habe die <a href=\"https:\/\/www.digifai.com\/datenschutz\/\">Datenschutzbestimmungen<\/a> gelesen und verstanden.<\/span><\/label><\/span><\/span><\/span>\n\t\t\t<\/p>\n\t\t<\/div>\n\t\t<div class=\"pflichtfeld\">\n\t\t\t<p>*Pflichtfeld\n\t\t\t<\/p>\n\t\t<\/div>\n\t\t<div>\n\t\t\t<p><input class=\"wpcf7-form-control wpcf7-submit has-spinner button-gradient\" type=\"submit\" value=\"Anfrage absenden\" \/>\n\t\t\t<\/p>\n\t\t<\/div>\n\t<\/div>\n<\/div>\n<p class='pugoru'><span class=\"wpcf7-form-control-wrap\" data-name=\"pugoru\"><input size=\"40\" maxlength=\"400\" class=\"wpcf7-form-control wpcf7-text\" aria-invalid=\"false\" value=\"\" type=\"text\" name=\"pugoru\" \/><\/span>\n<\/p>\n<p class='filuwi'><span class=\"wpcf7-form-control-wrap\" data-name=\"filuwi\"><input size=\"40\" maxlength=\"400\" class=\"wpcf7-form-control wpcf7-text\" aria-invalid=\"false\" value=\"\" type=\"text\" name=\"filuwi\" \/><\/span>\n<\/p><div class=\"wpcf7-response-output\" aria-hidden=\"true\"><\/div>\n<\/form>\n<\/div>\n<\/div><\/div><\/div><\/div><div class=\"eut-background-wrapper\"><\/div><\/div><\/div>[\/vc_column][\/vc_row][vc_row heading_color=&#8220;light&#8220; padding_top_multiplier=&#8220;6x&#8220; padding_bottom_multiplier=&#8220;&#8220; equal_column_height=&#8220;middle-content&#8220; font_color=&#8220;#ffffff&#8220;][vc_column vertical_content_position=&#8220;middle&#8220; width=&#8220;1\/2&#8243; font_color=&#8220;#ffffff&#8220; css=&#8220;.vc_custom_1588874703563{padding-top: 100px !important;padding-right: 30px !important;padding-bottom: 100px !important;padding-left: 30px !important;background-image: url(https:\/\/www.digifai.com\/wp-content\/uploads\/2020\/05\/twin-quicklink.jpg?id=304) !important;}&#8220; el_class=&#8220;quicklinks-item&#8220;]<h3 class=\"eut-element eut-title eut-align-left eut-h3\" style=\"\"><span>twin<\/span><\/h3>[vc_column_text]<\/p>\n<p class=\"p1\"><span class=\"s1\">twin erschafft einen digitalen Zwilling. Damit testen Sie die Steuerung Ihres Systems, bevor die Maschine steht<\/span><\/p>\n<p>[\/vc_column_text]<div class=\"eut-empty-space eut-height-1x\" style=\"\"><\/div><div class=\"eut-element eut-align-left text-button\"><a href=\"#\" class=\"eut-btn eut-btn-medium eut-text-primary-5 eut-text-hover-primary-5 eut-btn-underline text-button\"><span>Zur Detailseite<span class=\"eut-btn-bottom-line eut-bg-primary-5\"><\/span><\/span><\/a><\/div>[\/vc_column][vc_column width=&#8220;1\/2&#8243; tablet_sm_width=&#8220;1-2&#8243; css=&#8220;.vc_custom_1588874698283{margin-top: 0px !important;margin-right: 0px !important;margin-left: 0px !important;padding-top: 100px !important;padding-right: 30px !important;padding-bottom: 100px !important;padding-left: 30px !important;background-image: url(https:\/\/www.digifai.com\/wp-content\/uploads\/2020\/05\/control-quicklink.jpg?id=302) !important;background-position: center !important;background-repeat: no-repeat !important;background-size: cover !important;}&#8220; el_class=&#8220;quicklinks-item&#8220;]<h3 class=\"eut-element eut-title eut-align-left eut-h3\" style=\"\"><span>Anwendungsbereiche<\/span><\/h3>[vc_column_text]<\/p>\n<p class=\"p1\">Entdecken Sie weitere Anwendungsbereiche unserer Produkte.<\/p>\n<p>[\/vc_column_text]<div class=\"eut-empty-space eut-height-1x\" style=\"\"><\/div><div class=\"eut-element eut-align-left\"><a href=\"https:\/\/www.digifai.com\/anwendungsbereiche\/\" title=\"Anwendungsbereiche\" class=\"eut-btn eut-btn-medium eut-text-primary-5 eut-text-hover-primary-5 eut-btn-underline text-button\"><span>Anwendungsbereiche<span class=\"eut-btn-bottom-line eut-bg-primary-5\"><\/span><\/span><\/a><\/div>[\/vc_column][\/vc_row][vc_row][vc_column]<div class=\"eut-empty-space eut-height-4x\" style=\"\"><\/div>[\/vc_column][\/vc_row][vc_row][vc_column]<div class=\"templatera_shortcode\"><div class=\"eut-section eut-row-section eut-fullwidth-background eut-bg-none\"><div class=\"eut-container\"><div class=\"eut-row eut-bookmark eut-columns-gap-30\"><div class=\"eut-column wpb_column eut-column-1\" ><div class=\"eut-column-wrapper\" >\t\t\t<div class=\"eut-modal-element mfp-hide eut-modal-dialog eut-bg-white eut-drop-shadow eut-content-large eut-headings-light\" id=\"demo\">\r\n\t\t\t\t<div class=\"eut-section eut-modal-section\">\r\n\t\t\t\t\t<div class=\"eut-container\">\r\n\t\t\t\t\t\t<div class=\"eut-row eut-columns-gap-30\">\r\n\t\t\t\t\t\t\t<div class=\"eut-column eut-column-1\">\r\n\t\t\t\t\t\t\t<div class=\"eut-row-inner eut-bookmark vc_custom_1601366007529\">\r\n\t\t<div class=\"eut-column-inner wpb_column eut-column-1\">\r\n\t\t\t<div class=\"eut-column-wrapper-inner\">\r\n\t\t\t<h3 class=\"eut-element eut-title eut-align-left eut-subtitle-text subhead\" style=\"margin-bottom: 20px;\"><span>\r\n<p style=\"text-align: left;\">\/\/ Demo anfragen<br>\r\n<\/span><\/h3><h2 class=\"eut-element eut-title eut-align-left eut-h3\" style=\"\"><span><span style=\"color: #0a3b61;\">Unsere Produkte haben Sie neugierig gemacht? Das freut uns! Gerne zeigen wir Ihnen die M\u00f6glichkeiten bei einer Live-Demonstration.\r\n<\/span><\/span><\/h2><div class=\"eut-empty-space eut-height-1x\" style=\"\"><\/div>\n<div class=\"wpcf7 no-js\" id=\"wpcf7-f730-o2\" lang=\"de-DE\" dir=\"ltr\" data-wpcf7-id=\"730\">\n<div class=\"screen-reader-response\"><p role=\"status\" aria-live=\"polite\" aria-atomic=\"true\"><\/p> <ul><\/ul><\/div>\n<form action=\"\/de\/wp-json\/wp\/v2\/pages\/1559#wpcf7-f730-o2\" method=\"post\" class=\"wpcf7-form init\" aria-label=\"Kontaktformular\" novalidate=\"novalidate\" data-status=\"init\">\n<fieldset class=\"hidden-fields-container\"><input type=\"hidden\" name=\"_wpcf7\" value=\"730\" \/><input type=\"hidden\" name=\"_wpcf7_version\" value=\"6.1.5\" \/><input type=\"hidden\" name=\"_wpcf7_locale\" value=\"de_DE\" \/><input type=\"hidden\" name=\"_wpcf7_unit_tag\" value=\"wpcf7-f730-o2\" \/><input type=\"hidden\" name=\"_wpcf7_container_post\" value=\"0\" \/><input type=\"hidden\" name=\"_wpcf7_posted_data_hash\" value=\"\" \/>\n<\/fieldset>\n<div class=\"eut-form eut-fields-round eut-align-left\">\n\t<div class=\"eut-fields-wrapper\">\n\t\t<div class=\"formular\">\n\t\t\t<p><label class=\"label-2\">Anrede <span class=\"wpcf7-form-control-wrap\" data-name=\"your-salutation\"><input size=\"40\" maxlength=\"400\" class=\"wpcf7-form-control wpcf7-text\" aria-invalid=\"false\" placeholder=\"Anrede\" value=\"\" type=\"text\" name=\"your-salutation\" \/><\/span><\/label>\n\t\t\t<\/p>\n\t\t<\/div>\n\t\t<div class=\"formular\">\n\t\t\t<p><label class=\"label-2\">Vorname* <span class=\"wpcf7-form-control-wrap\" data-name=\"your-firstname\"><input size=\"40\" maxlength=\"400\" class=\"wpcf7-form-control wpcf7-text wpcf7-validates-as-required\" aria-required=\"true\" aria-invalid=\"false\" placeholder=\"Vorname\" value=\"\" type=\"text\" name=\"your-firstname\" \/><\/span><\/label>\n\t\t\t<\/p>\n\t\t<\/div>\n\t\t<div class=\"formular\">\n\t\t\t<p><label class=\"label-2\">Nachname* <span class=\"wpcf7-form-control-wrap\" data-name=\"your-lastname\"><input size=\"40\" maxlength=\"400\" class=\"wpcf7-form-control wpcf7-text wpcf7-validates-as-required\" aria-required=\"true\" aria-invalid=\"false\" placeholder=\"Nachname\" value=\"\" type=\"text\" name=\"your-lastname\" \/><\/span><\/label>\n\t\t\t<\/p>\n\t\t<\/div>\n\t\t<div class=\"formular\">\n\t\t\t<p><label class=\"label-2\">Firma* <span class=\"wpcf7-form-control-wrap\" data-name=\"your-company\"><input size=\"40\" maxlength=\"400\" class=\"wpcf7-form-control wpcf7-text wpcf7-validates-as-required\" aria-required=\"true\" aria-invalid=\"false\" placeholder=\"Firma\" value=\"\" type=\"text\" name=\"your-company\" \/><\/span><\/label>\n\t\t\t<\/p>\n\t\t<\/div>\n\t\t<div class=\"formular\">\n\t\t\t<p><label class=\"label-2\">E-Mail* <span class=\"wpcf7-form-control-wrap\" data-name=\"your-email\"><input size=\"40\" maxlength=\"400\" class=\"wpcf7-form-control wpcf7-email wpcf7-validates-as-required wpcf7-text wpcf7-validates-as-email\" aria-required=\"true\" aria-invalid=\"false\" placeholder=\"E-Mail\" value=\"\" type=\"email\" name=\"your-email\" \/><\/span><\/label>\n\t\t\t<\/p>\n\t\t<\/div>\n\t\t<div class=\"formular\">\n\t\t\t<p><label class=\"label-2\">Produkt <span class=\"wpcf7-form-control-wrap\" data-name=\"product-menu\"><select class=\"wpcf7-form-control wpcf7-select\" aria-invalid=\"false\" name=\"product-menu\"><option value=\"twin - Virtuelle Inbetriebnahme am digitalen Zwilling\">twin - Virtuelle Inbetriebnahme am digitalen Zwilling<\/option><option value=\"control - Die IoT Plattform\">control - Die IoT Plattform<\/option><option value=\"storage - Der Profi in der K\u00e4sekellerlogistik\">storage - Der Profi in der K\u00e4sekellerlogistik<\/option><\/select><\/span><\/label>\n\t\t\t<\/p>\n\t\t<\/div>\n\t\t<div class=\"formular\">\n\t\t\t<p><label class=\"label-2\">Nachricht <span class=\"wpcf7-form-control-wrap\" data-name=\"your-message\"><textarea cols=\"40\" rows=\"10\" maxlength=\"2000\" class=\"wpcf7-form-control wpcf7-textarea\" aria-invalid=\"false\" placeholder=\"Nachricht\" name=\"your-message\"><\/textarea><\/span><\/label>\n\t\t\t<\/p>\n\t\t<\/div>\n\t\t<div class=\"formular\">\n\t\t\t<p><label class=\"label-2\">Nachricht* <span id=\"wpcf7-69f979c305ea8-wrapper\" class=\"wpcf7-form-control-wrap honeypot-258-wrap\" style=\"display:none !important; visibility:hidden !important;\"><input type=\"hidden\" name=\"honeypot-258-time-start\" value=\"1777957315\"><input type=\"hidden\" name=\"honeypot-258-time-check\" value=\"4\"><label for=\"wpcf7-69f979c305ea8-field\" class=\"hp-message\">Bitte lasse dieses Feld leer.<\/label><input id=\"wpcf7-69f979c305ea8-field\"  class=\"wpcf7-form-control wpcf7-text\" type=\"text\" name=\"honeypot-258\" value=\"\" size=\"40\" tabindex=\"-1\" autocomplete=\"new-password\" \/><\/span><\/label>\n\t\t\t<\/p>\n\t\t<\/div>\n\t\t<div class=\"checkbox\">\n\t\t\t<p><span class=\"wpcf7-form-control-wrap\" data-name=\"acceptance-540\"><span class=\"wpcf7-form-control wpcf7-acceptance\"><span class=\"wpcf7-list-item\"><label><input type=\"checkbox\" name=\"acceptance-540\" value=\"1\" aria-invalid=\"false\" \/><span class=\"wpcf7-list-item-label\">Ich habe die <a href=\"https:\/\/www.digifai.com\/datenschutz\/\">Datenschutzbestimmungen<\/a> gelesen und verstanden.<\/span><\/label><\/span><\/span><\/span>\n\t\t\t<\/p>\n\t\t<\/div>\n\t\t<div class=\"pflichtfeld\">\n\t\t\t<p>*Pflichtfeld\n\t\t\t<\/p>\n\t\t<\/div>\n\t\t<div>\n\t\t\t<p><input class=\"wpcf7-form-control wpcf7-submit has-spinner button-gradient\" type=\"submit\" value=\"Anfrage absenden\" \/>\n\t\t\t<\/p>\n\t\t<\/div>\n\t<\/div>\n<\/div>\n<p class='cahaba'><span class=\"wpcf7-form-control-wrap\" data-name=\"cahaba\"><input size=\"40\" maxlength=\"400\" class=\"wpcf7-form-control wpcf7-text\" aria-invalid=\"false\" value=\"\" type=\"text\" name=\"cahaba\" \/><\/span>\n<\/p>\n<p class='wumidi'><span class=\"wpcf7-form-control-wrap\" data-name=\"wumidi\"><input size=\"40\" maxlength=\"400\" class=\"wpcf7-form-control wpcf7-text\" aria-invalid=\"false\" value=\"\" type=\"text\" name=\"wumidi\" \/><\/span>\n<\/p><div class=\"wpcf7-response-output\" aria-hidden=\"true\"><\/div>\n<\/form>\n<\/div>\n\r\n\t\t\t<\/div>\r\n\t\t<\/div>\r\n\t<\/div>\t\t\t\t\t\t\t<\/div>\r\n\t\t\t\t\t\t<\/div>\r\n\t\t\t\t\t<\/div>\r\n\t\t\t\t<\/div>\r\n\t\t\t<\/div>\r\n\t\t<\/div><\/div><\/div><\/div><div class=\"eut-background-wrapper\"><\/div><\/div><\/div>[\/vc_column][\/vc_row]<\/p>\n<\/div>","protected":false},"excerpt":{"rendered":"Forschung und Lehre \/\/ AnwendungsbereichVorteile f\u00fcr die Forschung und Lehre Kosteng\u00fcnstig Platzsparend Intuitive Bedienung \/\/ Einsatztwin im Einsatz Forschen in digitalen Fabriken wird mit twin real. Komplette Fabriken k\u00f6nnen in der 3D Animation dargestellt werden. Dadurch entfallen kostspielige reale oder ungenaue modellhafte Aufbauten. Mit twin setzen Sie Ihre Versuchsfabrik oder Ihren Prototypen digital um. Das [...]","protected":false},"author":5,"featured_media":0,"parent":756,"menu_order":0,"comment_status":"closed","ping_status":"open","template":"","meta":{"footnotes":""},"class_list":["post-1559","page","type-page","status-publish","hentry"],"acf":[],"_links":{"self":[{"href":"https:\/\/www.digifai.com\/de\/wp-json\/wp\/v2\/pages\/1559","targetHints":{"allow":["GET"]}}],"collection":[{"href":"https:\/\/www.digifai.com\/de\/wp-json\/wp\/v2\/pages"}],"about":[{"href":"https:\/\/www.digifai.com\/de\/wp-json\/wp\/v2\/types\/page"}],"author":[{"embeddable":true,"href":"https:\/\/www.digifai.com\/de\/wp-json\/wp\/v2\/users\/5"}],"replies":[{"embeddable":true,"href":"https:\/\/www.digifai.com\/de\/wp-json\/wp\/v2\/comments?post=1559"}],"version-history":[{"count":12,"href":"https:\/\/www.digifai.com\/de\/wp-json\/wp\/v2\/pages\/1559\/revisions"}],"predecessor-version":[{"id":7209,"href":"https:\/\/www.digifai.com\/de\/wp-json\/wp\/v2\/pages\/1559\/revisions\/7209"}],"up":[{"embeddable":true,"href":"https:\/\/www.digifai.com\/de\/wp-json\/wp\/v2\/pages\/756"}],"wp:attachment":[{"href":"https:\/\/www.digifai.com\/de\/wp-json\/wp\/v2\/media?parent=1559"}],"curies":[{"name":"wp","href":"https:\/\/api.w.org\/{rel}","templated":true}]}}