
{"id":1382,"date":"2020-05-26T09:11:49","date_gmt":"2020-05-26T07:11:49","guid":{"rendered":"https:\/\/www.digifai.com\/?page_id=1382"},"modified":"2026-05-12T11:27:56","modified_gmt":"2026-05-12T09:27:56","slug":"impressum","status":"publish","type":"page","link":"https:\/\/www.digifai.com\/de\/impressum\/","title":{"rendered":"Impressum"},"content":{"rendered":"<div class=\"wpb-content-wrapper\"><p>[vc_row bg_type=&#8220;image&#8220; bg_image=&#8220;87&#8243; color_overlay=&#8220;primary-1&#8243; opacity_overlay=&#8220;40&#8243; padding_top_multiplier=&#8220;6x&#8220; padding_bottom_multiplier=&#8220;6x&#8220; columns_gap=&#8220;none&#8220; full_width=&#8220;stretch_row&#8220; parallax=&#8220;content-moving&#8220; css=&#8220;.vc_custom_1475570180820{padding-top: 100px !important;padding-bottom: 100px !important;background: #5e5e5e url(https:\/\/www.digifai.com\/wp-content\/uploads\/2015\/09\/hero-section-call-to-action-3268.jpg?id=769);background-position: center;background-repeat: no-repeat !important;background-size: cover !important;}&#8220; el_class=&#8220;hero-small&#8220;][vc_column vertical_content_position=&#8220;middle&#8220;][vc_custom_heading text=&#8220;Impressum&#8220; font_container=&#8220;tag:h1|text_align:left|color:%23ffffff&#8220; use_theme_fonts=&#8220;yes&#8220; el_class=&#8220;headline-hero-small&#8220;][\/vc_column][\/vc_row][vc_row padding_top_multiplier=&#8220;4x&#8220; padding_bottom_multiplier=&#8220;4x&#8220; section_id=&#8220;introtext&#8220;][vc_column css=&#8220;.vc_custom_1588095737079{margin-top: 60px !important;margin-bottom: 60px !important;}&#8220;][vc_column_text css=&#8220;&#8220;]<\/p>\n<div class=\"l_column l_lg-4 l_md-6\">\n<div class=\"vc_column-inner\">\n<div class=\"wpb_wrapper\">\n<div class=\"wpb_text_column wpb_content_element \">\n<div class=\"wpb_wrapper\">\n<p><span class=\"locality\"><strong>Markenschutz:\u00a0<\/strong><br \/>\n<\/span>digifai ist eine gem\u00e4\u00df dem Markenschutzgesetz gesch\u00fctzte und registrierte Marke.<\/p>\n<p><span class=\"locality\"><strong>Firmenbezeichnung:\u00a0<\/strong><br \/>\n<\/span>Eberle Automatische Systeme GmbH &amp; Co KG<\/p>\n<p><span class=\"locality\"><strong>Adresse:\u00a0<\/strong><br \/>\n<\/span><span class=\"locality\"><span class=\"street-address\">Dr.-Walter-Zumtobel-Stra\u00dfe 8<br \/>\n<\/span><\/span><span class=\"locality\"><span class=\"postal-code\">6850<\/span>\u00a0Dornbirn,\u00a0<\/span><span class=\"locality\">\u00d6sterreich<\/span><\/p>\n<p><span class=\"value\">Telefon:\u00a0<a href=\"tel:+43%205572 55580\">+43 5572 55580<\/a><br \/>\n<\/span>E-Mail: <a href=\"mailto:info@eberle.at\">info@eberle.at<\/a><\/p>\n<p>Internet:\u00a0<a class=\"url\" href=\"http:\/\/www.eberle.at\/de\/\" target=\"_blank\" rel=\"noopener noreferrer\">www.eberle.at<\/a><\/p>\n<\/div>\n<\/div>\n<\/div>\n<\/div>\n<\/div>\n<div class=\"l_column l_lg-4 l_md-6\">\n<div class=\"vc_column-inner\">\n<div class=\"wpb_wrapper\">\n<div class=\"wpb_text_column wpb_content_element \">\n<div class=\"wpb_wrapper\">\n<p>Gesch\u00e4ftsf\u00fchrer: Viktor Eberle, Martin Moosmann<br \/>\n<span id=\"ctl00_ContentPlaceHolder1_datenFelder_genericFieldsRepeater_ctl11_genericLabel_DescriptionLabel\" style=\"font-family: inherit; font-size: inherit; font-style: inherit; font-variant-ligatures: inherit; font-variant-caps: inherit; font-weight: inherit;\"><span id=\"ctl00_ContentPlaceHolder1_datenFelder_genericFieldsRepeater_ctl11_genericLabel_helpLinkLabel1\" class=\"transparent_label_info\">Firmengericht:\u00a0<\/span><\/span><span style=\"font-family: inherit; font-size: inherit; font-style: inherit; font-variant-ligatures: inherit; font-variant-caps: inherit; font-weight: inherit;\">Landesgericht Feldkirch<br \/>\n<\/span><span class=\"transparent_label_info\">Beh\u00f6rde gem. ECG: Bezirkshauptmannschaft Dornbirn<br \/>\n<\/span><span class=\"transparent_label_info\">Rechtsform: GmbH &amp; Co KG\u00a0<\/span><\/p>\n<p><strong>Mitglied der Wirtschaftskammer Vorarlberg:<\/strong><br \/>\nFachgruppe\u00a0<a href=\"https:\/\/firmen.wko.at\/eberle-automatische-systeme-gmbh-und-co-kg-eberle-automatische-systeme\/vorarlberg\/?firmaid=ad89a2e3-65ae-406b-86a4-b95c431fcc3e\" target=\"_blank\" rel=\"noopener noreferrer\">Mechatroniker<\/a><\/p>\n<p><span id=\"ctl00_ContentPlaceHolder1_agbsBoxes_genericCategoriesRepeater_ctl00_genericFields_genericFieldsRepeater_ctl01_genericLabel_DescriptionLabel\"><span id=\"ctl00_ContentPlaceHolder1_agbsBoxes_genericCategoriesRepeater_ctl00_genericFields_genericFieldsRepeater_ctl01_genericLabel_helpLinkLabel1\" class=\"transparent_label_info\"><strong>Berechtigung:<\/strong><br \/>\nElektromaschinenbauer verbunden mit Elektroniker, B\u00fcrokommunikationstechniker, Radio- und Videoelektroniker gem\u00e4\u00df \u00a7 94 Z 17 GewO 1994<\/span><\/span><\/p>\n<\/div>\n<\/div>\n<\/div>\n<\/div>\n<\/div>\n<div class=\"l_column l_lg-4 l_md-6\">\n<div class=\"vc_column-inner\">\n<div class=\"wpb_wrapper\">\n<div class=\"wpb_text_column wpb_content_element \">\n<div class=\"wpb_wrapper\">\n<p>Firmenbuchnummer: 343886s<br \/>\nGLN (der \u00f6ffentlichen Verwaltung): 9110017600405<br \/>\n<span class=\"transparent_label_info\">UID-Nummer: ATU65739267<br \/>\n<\/span><span class=\"transparent_label_info\"><span id=\"ctl00_ContentPlaceHolder1_datenFelder_genericFieldsRepeater_ctl19_genericLabel_DescriptionLabel\"><span id=\"ctl00_ContentPlaceHolder1_datenFelder_genericFieldsRepeater_ctl19_genericLabel_helpLinkLabel1\" class=\"transparent_label_info\">EORI-Nummer: ATEOS1000019900<\/span><\/span><\/span><\/p>\n<p><span class=\"transparent_label_info\">e-Rechnungen:\u00a0<a href=\"mailto:info@eberle.at\">info@eberle.at<\/a><\/span><\/p>\n<\/div>\n<\/div>\n<\/div>\n<\/div>\n<\/div>\n<p>[\/vc_column_text]<div class=\"eut-empty-space eut-height-3x\" style=\"\"><\/div>[vc_column_text]<\/p>\n<h4>Allgemeine Gesch\u00e4ftsbedingungen (AGB)<strong><br \/>\n<\/strong><\/h4>\n<p>Es gelten die allgemeinen Lieferbedingungen der Elektro- und Elektronikindustrie \u00d6sterreichs (<a href=\"https:\/\/www.eberle.at\/wp-content\/uploads\/2018\/06\/feei_allgemeine_lieferbedingungen_2017_deutsch.pdf\" target=\"_blank\" rel=\"noopener noreferrer\">PDF<\/a>), die Softwarebedingungen der Elektro- und Elektronikindustrie \u00d6sterreichs (<a href=\"https:\/\/www.eberle.at\/wp-content\/uploads\/2018\/06\/feei-softwarebedingungen_04-2018.pdf\" target=\"_blank\" rel=\"noopener noreferrer\">PDF<\/a>) sowie die Softwarewartungsbedingungen der Elektro- und Elektronikindustrie \u00d6sterreichs (<a href=\"https:\/\/www.eberle.at\/wp-content\/uploads\/2018\/06\/feei-softwarewartungsbedingungen_04-2018_0.pdf\" target=\"_blank\" rel=\"noopener noreferrer\">PDF<\/a>). Erf\u00fcllungsort ist Dornbirn. Unsere Lieferbedingungen verstehen sich nach Incoterms 2010.<\/p>\n<h4>Medieninhaber<\/h4>\n<p>Eberle Automatische Systeme GmbH &amp; Co KG<br \/>\n<span class=\"locality\"><span class=\"street-address\">Dr.-Walter-Zumtoble-Stra\u00dfe 8<br \/>\n<\/span><span class=\"postal-code\">6850<\/span>\u00a0Dornbirn<br \/>\n\u00d6sterreich<\/span>[\/vc_column_text]<div class=\"eut-empty-space eut-height-3x\" style=\"\"><\/div><div class=\"eut-element eut-align-left\"><a href=\"https:\/\/www.digifai.com\/datenschutz\/\" title=\"Datenschutz\" class=\"eut-btn eut-btn-medium eut-extra-round eut-bg-primary-5 eut-bg-hover-primary-4 button-gradient\"><span>Datenschutzerkl\u00e4rung<\/span><\/a><\/div>[\/vc_column][\/vc_row][vc_row][vc_column]<div class=\"templatera_shortcode\"><div class=\"eut-section eut-row-section eut-fullwidth-background eut-bg-none\"><div class=\"eut-container\"><div class=\"eut-row eut-bookmark eut-columns-gap-30\"><div class=\"eut-column wpb_column eut-column-1\" ><div class=\"eut-column-wrapper\" >\t\t\t<div class=\"eut-modal-element mfp-hide eut-modal-dialog eut-bg-white eut-drop-shadow eut-content-large eut-headings-light\" id=\"demo\">\r\n\t\t\t\t<div class=\"eut-section eut-modal-section\">\r\n\t\t\t\t\t<div class=\"eut-container\">\r\n\t\t\t\t\t\t<div class=\"eut-row eut-columns-gap-30\">\r\n\t\t\t\t\t\t\t<div class=\"eut-column eut-column-1\">\r\n\t\t\t\t\t\t\t<div class=\"eut-row-inner eut-bookmark vc_custom_1601366007529\">\r\n\t\t<div class=\"eut-column-inner wpb_column eut-column-1\">\r\n\t\t\t<div class=\"eut-column-wrapper-inner\">\r\n\t\t\t<h3 class=\"eut-element eut-title eut-align-left eut-subtitle-text subhead\" style=\"margin-bottom: 20px;\"><span>\r\n<p style=\"text-align: left;\">\/\/ Demo anfragen<br>\r\n<\/span><\/h3><h2 class=\"eut-element eut-title eut-align-left eut-h3\" style=\"\"><span><span style=\"color: #0a3b61;\">Unsere Produkte haben Sie neugierig gemacht? Das freut uns! Gerne zeigen wir Ihnen die M\u00f6glichkeiten bei einer Live-Demonstration.\r\n<\/span><\/span><\/h2><div class=\"eut-empty-space eut-height-1x\" style=\"\"><\/div>\n<div class=\"wpcf7 no-js\" id=\"wpcf7-f730-o1\" lang=\"de-DE\" dir=\"ltr\" data-wpcf7-id=\"730\">\n<div class=\"screen-reader-response\"><p role=\"status\" aria-live=\"polite\" aria-atomic=\"true\"><\/p> <ul><\/ul><\/div>\n<form action=\"\/de\/wp-json\/wp\/v2\/pages\/1382#wpcf7-f730-o1\" method=\"post\" class=\"wpcf7-form init\" aria-label=\"Kontaktformular\" novalidate=\"novalidate\" data-status=\"init\">\n<fieldset class=\"hidden-fields-container\"><input type=\"hidden\" name=\"_wpcf7\" value=\"730\" \/><input type=\"hidden\" name=\"_wpcf7_version\" value=\"6.1.5\" \/><input type=\"hidden\" name=\"_wpcf7_locale\" value=\"de_DE\" \/><input type=\"hidden\" name=\"_wpcf7_unit_tag\" value=\"wpcf7-f730-o1\" \/><input type=\"hidden\" name=\"_wpcf7_container_post\" value=\"0\" \/><input type=\"hidden\" name=\"_wpcf7_posted_data_hash\" value=\"\" \/>\n<\/fieldset>\n<div class=\"eut-form eut-fields-round eut-align-left\">\n\t<div class=\"eut-fields-wrapper\">\n\t\t<div class=\"formular\">\n\t\t\t<p><label class=\"label-2\">Anrede <span class=\"wpcf7-form-control-wrap\" data-name=\"your-salutation\"><input size=\"40\" maxlength=\"400\" class=\"wpcf7-form-control wpcf7-text\" aria-invalid=\"false\" placeholder=\"Anrede\" value=\"\" type=\"text\" name=\"your-salutation\" \/><\/span><\/label>\n\t\t\t<\/p>\n\t\t<\/div>\n\t\t<div class=\"formular\">\n\t\t\t<p><label class=\"label-2\">Vorname* <span class=\"wpcf7-form-control-wrap\" data-name=\"your-firstname\"><input size=\"40\" maxlength=\"400\" class=\"wpcf7-form-control wpcf7-text wpcf7-validates-as-required\" aria-required=\"true\" aria-invalid=\"false\" placeholder=\"Vorname\" value=\"\" type=\"text\" name=\"your-firstname\" \/><\/span><\/label>\n\t\t\t<\/p>\n\t\t<\/div>\n\t\t<div class=\"formular\">\n\t\t\t<p><label class=\"label-2\">Nachname* <span class=\"wpcf7-form-control-wrap\" data-name=\"your-lastname\"><input size=\"40\" maxlength=\"400\" class=\"wpcf7-form-control wpcf7-text wpcf7-validates-as-required\" aria-required=\"true\" aria-invalid=\"false\" placeholder=\"Nachname\" value=\"\" type=\"text\" name=\"your-lastname\" \/><\/span><\/label>\n\t\t\t<\/p>\n\t\t<\/div>\n\t\t<div class=\"formular\">\n\t\t\t<p><label class=\"label-2\">Firma* <span class=\"wpcf7-form-control-wrap\" data-name=\"your-company\"><input size=\"40\" maxlength=\"400\" class=\"wpcf7-form-control wpcf7-text wpcf7-validates-as-required\" aria-required=\"true\" aria-invalid=\"false\" placeholder=\"Firma\" value=\"\" type=\"text\" name=\"your-company\" \/><\/span><\/label>\n\t\t\t<\/p>\n\t\t<\/div>\n\t\t<div class=\"formular\">\n\t\t\t<p><label class=\"label-2\">E-Mail* <span class=\"wpcf7-form-control-wrap\" data-name=\"your-email\"><input size=\"40\" maxlength=\"400\" class=\"wpcf7-form-control wpcf7-email wpcf7-validates-as-required wpcf7-text wpcf7-validates-as-email\" aria-required=\"true\" aria-invalid=\"false\" placeholder=\"E-Mail\" value=\"\" type=\"email\" name=\"your-email\" \/><\/span><\/label>\n\t\t\t<\/p>\n\t\t<\/div>\n\t\t<div class=\"formular\">\n\t\t\t<p><label class=\"label-2\">Produkt <span class=\"wpcf7-form-control-wrap\" data-name=\"product-menu\"><select class=\"wpcf7-form-control wpcf7-select\" aria-invalid=\"false\" name=\"product-menu\"><option value=\"twin - Virtuelle Inbetriebnahme am digitalen Zwilling\">twin - Virtuelle Inbetriebnahme am digitalen Zwilling<\/option><option value=\"control - Die IoT Plattform\">control - Die IoT Plattform<\/option><option value=\"storage - Der Profi in der K\u00e4sekellerlogistik\">storage - Der Profi in der K\u00e4sekellerlogistik<\/option><\/select><\/span><\/label>\n\t\t\t<\/p>\n\t\t<\/div>\n\t\t<div class=\"formular\">\n\t\t\t<p><label class=\"label-2\">Nachricht <span class=\"wpcf7-form-control-wrap\" data-name=\"your-message\"><textarea cols=\"40\" rows=\"10\" maxlength=\"2000\" class=\"wpcf7-form-control wpcf7-textarea\" aria-invalid=\"false\" placeholder=\"Nachricht\" name=\"your-message\"><\/textarea><\/span><\/label>\n\t\t\t<\/p>\n\t\t<\/div>\n\t\t<div class=\"formular\">\n\t\t\t<p><label class=\"label-2\">Nachricht* <span id=\"wpcf7-6a05bece4eb1f-wrapper\" class=\"wpcf7-form-control-wrap honeypot-258-wrap\" style=\"display:none !important; visibility:hidden !important;\"><input type=\"hidden\" name=\"honeypot-258-time-start\" value=\"1778761422\"><input type=\"hidden\" name=\"honeypot-258-time-check\" value=\"4\"><label for=\"wpcf7-6a05bece4eb1f-field\" class=\"hp-message\">Bitte lasse dieses Feld leer.<\/label><input id=\"wpcf7-6a05bece4eb1f-field\"  class=\"wpcf7-form-control wpcf7-text\" type=\"text\" name=\"honeypot-258\" value=\"\" size=\"40\" tabindex=\"-1\" autocomplete=\"new-password\" \/><\/span><\/label>\n\t\t\t<\/p>\n\t\t<\/div>\n\t\t<div class=\"checkbox\">\n\t\t\t<p><span class=\"wpcf7-form-control-wrap\" data-name=\"acceptance-540\"><span class=\"wpcf7-form-control wpcf7-acceptance\"><span class=\"wpcf7-list-item\"><label><input type=\"checkbox\" name=\"acceptance-540\" value=\"1\" aria-invalid=\"false\" \/><span class=\"wpcf7-list-item-label\">Ich habe die <a href=\"https:\/\/www.digifai.com\/datenschutz\/\">Datenschutzbestimmungen<\/a> gelesen und verstanden.<\/span><\/label><\/span><\/span><\/span>\n\t\t\t<\/p>\n\t\t<\/div>\n\t\t<div class=\"pflichtfeld\">\n\t\t\t<p>*Pflichtfeld\n\t\t\t<\/p>\n\t\t<\/div>\n\t\t<div>\n\t\t\t<p><input class=\"wpcf7-form-control wpcf7-submit has-spinner button-gradient\" type=\"submit\" value=\"Anfrage absenden\" \/>\n\t\t\t<\/p>\n\t\t<\/div>\n\t<\/div>\n<\/div>\n<p class='cahaba'><span class=\"wpcf7-form-control-wrap\" data-name=\"cahaba\"><input size=\"40\" maxlength=\"400\" class=\"wpcf7-form-control wpcf7-text\" aria-invalid=\"false\" value=\"\" type=\"text\" name=\"cahaba\" \/><\/span>\n<\/p>\n<p class='wumidi'><span class=\"wpcf7-form-control-wrap\" data-name=\"wumidi\"><input size=\"40\" maxlength=\"400\" class=\"wpcf7-form-control wpcf7-text\" aria-invalid=\"false\" value=\"\" type=\"text\" name=\"wumidi\" \/><\/span>\n<\/p><div class=\"wpcf7-response-output\" aria-hidden=\"true\"><\/div>\n<\/form>\n<\/div>\n\r\n\t\t\t<\/div>\r\n\t\t<\/div>\r\n\t<\/div>\t\t\t\t\t\t\t<\/div>\r\n\t\t\t\t\t\t<\/div>\r\n\t\t\t\t\t<\/div>\r\n\t\t\t\t<\/div>\r\n\t\t\t<\/div>\r\n\t\t<\/div><\/div><\/div><\/div><div class=\"eut-background-wrapper\"><\/div><\/div><\/div>[\/vc_column][\/vc_row]<\/p>\n<\/div>","protected":false},"excerpt":{"rendered":"Impressum Markenschutz:\u00a0 digifai ist eine gem\u00e4\u00df dem Markenschutzgesetz gesch\u00fctzte und registrierte Marke. Firmenbezeichnung:\u00a0 Eberle Automatische Systeme GmbH &amp; Co KG Adresse:\u00a0 Dr.-Walter-Zumtobel-Stra\u00dfe 8 6850\u00a0Dornbirn,\u00a0\u00d6sterreich Telefon:\u00a0+43 5572 55580 E-Mail: info@eberle.at Internet:\u00a0www.eberle.at Gesch\u00e4ftsf\u00fchrer: Viktor Eberle, Martin Moosmann Firmengericht:\u00a0Landesgericht Feldkirch Beh\u00f6rde gem. ECG: Bezirkshauptmannschaft Dornbirn Rechtsform: GmbH &amp; Co KG\u00a0 Mitglied der Wirtschaftskammer Vorarlberg: Fachgruppe\u00a0Mechatroniker Berechtigung: Elektromaschinenbauer verbunden [...]","protected":false},"author":5,"featured_media":0,"parent":0,"menu_order":0,"comment_status":"closed","ping_status":"open","template":"","meta":{"footnotes":""},"class_list":["post-1382","page","type-page","status-publish","hentry"],"acf":[],"_links":{"self":[{"href":"https:\/\/www.digifai.com\/de\/wp-json\/wp\/v2\/pages\/1382","targetHints":{"allow":["GET"]}}],"collection":[{"href":"https:\/\/www.digifai.com\/de\/wp-json\/wp\/v2\/pages"}],"about":[{"href":"https:\/\/www.digifai.com\/de\/wp-json\/wp\/v2\/types\/page"}],"author":[{"embeddable":true,"href":"https:\/\/www.digifai.com\/de\/wp-json\/wp\/v2\/users\/5"}],"replies":[{"embeddable":true,"href":"https:\/\/www.digifai.com\/de\/wp-json\/wp\/v2\/comments?post=1382"}],"version-history":[{"count":17,"href":"https:\/\/www.digifai.com\/de\/wp-json\/wp\/v2\/pages\/1382\/revisions"}],"predecessor-version":[{"id":7864,"href":"https:\/\/www.digifai.com\/de\/wp-json\/wp\/v2\/pages\/1382\/revisions\/7864"}],"wp:attachment":[{"href":"https:\/\/www.digifai.com\/de\/wp-json\/wp\/v2\/media?parent=1382"}],"curies":[{"name":"wp","href":"https:\/\/api.w.org\/{rel}","templated":true}]}}