
{"id":1200,"date":"2020-05-25T10:19:54","date_gmt":"2020-05-25T08:19:54","guid":{"rendered":"https:\/\/www.digifai.com\/?page_id=1200"},"modified":"2025-05-05T07:14:41","modified_gmt":"2025-05-05T05:14:41","slug":"service","status":"publish","type":"page","link":"https:\/\/www.digifai.com\/de\/service\/","title":{"rendered":"Service"},"content":{"rendered":"<div class=\"wpb-content-wrapper\"><p>[vc_row bg_type=&#8220;image&#8220; bg_image=&#8220;1214&#8243; color_overlay=&#8220;primary-1&#8243; opacity_overlay=&#8220;40&#8243; padding_top_multiplier=&#8220;6x&#8220; padding_bottom_multiplier=&#8220;6x&#8220; columns_gap=&#8220;none&#8220; full_width=&#8220;stretch_row&#8220; parallax=&#8220;content-moving&#8220; css=&#8220;.vc_custom_1475570180820{padding-top: 100px !important;padding-bottom: 100px !important;background: #5e5e5e url(https:\/\/www.digifai.com\/wp-content\/uploads\/2015\/09\/hero-section-call-to-action-3268.jpg?id=769);background-position: center;background-repeat: no-repeat !important;background-size: cover !important;}&#8220; el_class=&#8220;hero-small&#8220;][vc_column vertical_content_position=&#8220;middle&#8220;][vc_custom_heading text=&#8220;Service&#8220; font_container=&#8220;tag:h1|text_align:left|color:%23ffffff&#8220; use_theme_fonts=&#8220;yes&#8220; el_class=&#8220;headline-hero-small&#8220;][\/vc_column][\/vc_row][vc_row padding_top_multiplier=&#8220;4x&#8220; padding_bottom_multiplier=&#8220;4x&#8220; section_id=&#8220;introtext&#8220;][vc_column css=&#8220;.vc_custom_1588095737079{margin-top: 60px !important;margin-bottom: 60px !important;}&#8220;]<h3 class=\"eut-element eut-title eut-align-left eut-subtitle-text subhead\" style=\"\"><span>\/\/ Service<\/span><\/h3><h2 class=\"eut-element eut-title eut-align-left eut-h2\" style=\"margin-bottom: 30px;\"><span>Unser Serviceangebot f\u00fcr Sie<\/span><\/h2>[vc_column_text]Wir sind f\u00fcr Sie da und helfen weiter. Egal ob Sie Beratungen zu unseren Produkten und L\u00f6sungen m\u00f6chten, vertiefende Schulungen suchen oder an unseren Dienstleistungen f\u00fcr die Digifizierung ihrer Systeme interessiert sind.[\/vc_column_text]<div class=\"eut-empty-space eut-height-3x\" style=\"\"><\/div><div class=\"eut-element eut-image-text eut-drop-shadow-large eut-layout-1 eut-align-right\" style=\"\"><div class=\"eut-image eut-position-right\"><img loading=\"lazy\" decoding=\"async\" width=\"2500\" height=\"1667\" src=\"https:\/\/www.digifai.com\/wp-content\/uploads\/2020\/04\/magic-keyboard-1109543.jpg\" class=\"attachment-full size-full\" alt=\"digifai webinare\" srcset=\"https:\/\/www.digifai.com\/wp-content\/uploads\/2020\/04\/magic-keyboard-1109543.jpg 2500w, https:\/\/www.digifai.com\/wp-content\/uploads\/2020\/04\/magic-keyboard-1109543-300x200.jpg 300w, https:\/\/www.digifai.com\/wp-content\/uploads\/2020\/04\/magic-keyboard-1109543-1024x683.jpg 1024w, https:\/\/www.digifai.com\/wp-content\/uploads\/2020\/04\/magic-keyboard-1109543-768x512.jpg 768w, https:\/\/www.digifai.com\/wp-content\/uploads\/2020\/04\/magic-keyboard-1109543-1536x1024.jpg 1536w, https:\/\/www.digifai.com\/wp-content\/uploads\/2020\/04\/magic-keyboard-1109543-1920x1280.jpg 1920w\" sizes=\"auto, (max-width: 2500px) 100vw, 2500px\" \/><\/div>  <div class=\"eut-content eut-position-left eut-align-left\"><h2 class=\"eut-title eut-heading-color eut-h4\">Schulungen &amp; kostenlose Beratung<\/h2>  <p class=\"eut-description\">Lernen Sie den Nutzen unserer Produkte live kennen. Unser Expertenteam zeigt Ihnen, was m\u00f6glich ist und wo die Grenzen liegen.<\/p><a href=\"https:\/\/www.digifai.com\/de\/service\/schulungen\/\" title=\"mehr erfahren\" class=\"eut-link-text eut-read-more webinare-textbutton\">mehr erfahren<\/a>  <\/div><\/div><div class=\"eut-empty-space eut-height-1x\" style=\"\"><\/div><div class=\"eut-element eut-image-text eut-drop-shadow-large eut-layout-1 eut-align-right\" style=\"\"><div class=\"eut-image eut-position-right\"><img loading=\"lazy\" decoding=\"async\" width=\"2500\" height=\"1188\" src=\"https:\/\/www.digifai.com\/wp-content\/uploads\/2020\/05\/person-holding-white-ceramic-mug-beside-macbook-pro-3787300_2500px.jpg\" class=\"attachment-full size-full\" alt=\"digifai webinare\" srcset=\"https:\/\/www.digifai.com\/wp-content\/uploads\/2020\/05\/person-holding-white-ceramic-mug-beside-macbook-pro-3787300_2500px.jpg 2500w, https:\/\/www.digifai.com\/wp-content\/uploads\/2020\/05\/person-holding-white-ceramic-mug-beside-macbook-pro-3787300_2500px-300x143.jpg 300w, https:\/\/www.digifai.com\/wp-content\/uploads\/2020\/05\/person-holding-white-ceramic-mug-beside-macbook-pro-3787300_2500px-1024x487.jpg 1024w, https:\/\/www.digifai.com\/wp-content\/uploads\/2020\/05\/person-holding-white-ceramic-mug-beside-macbook-pro-3787300_2500px-768x365.jpg 768w, https:\/\/www.digifai.com\/wp-content\/uploads\/2020\/05\/person-holding-white-ceramic-mug-beside-macbook-pro-3787300_2500px-1536x730.jpg 1536w, https:\/\/www.digifai.com\/wp-content\/uploads\/2020\/05\/person-holding-white-ceramic-mug-beside-macbook-pro-3787300_2500px-1920x912.jpg 1920w\" sizes=\"auto, (max-width: 2500px) 100vw, 2500px\" \/><\/div>  <div class=\"eut-content eut-position-left eut-align-left\"><h2 class=\"eut-title eut-heading-color eut-h4\">Webinare<\/h2>  <p class=\"eut-description\">Lernen Sie uns und unsere L\u00f6sungen in einem der folgenden Webinare kennen. Wir legen Hand an, f\u00fchren unsere Produkte live vor und beantworten Ihre Fragen in einer gem\u00fctlichen Atmosph\u00e4re.<\/p><a href=\"https:\/\/www.digifai.com\/de\/webinare\/\" title=\"Jumpstart virtuelle Inbetriebnahme\" class=\"eut-link-text eut-read-more webinare-textbutton\">mehr erfahren<\/a>  <\/div><\/div><div class=\"eut-empty-space eut-height-1x\" style=\"\"><\/div><div class=\"eut-element eut-image-text eut-drop-shadow-large eut-layout-1 eut-align-right\" style=\"\"><div class=\"eut-image eut-position-right\"><img loading=\"lazy\" decoding=\"async\" width=\"2500\" height=\"1875\" src=\"https:\/\/www.digifai.com\/wp-content\/uploads\/2020\/05\/20200402_140914_kleiner.jpg\" class=\"attachment-full size-full\" alt=\"twin in Anwendung\" srcset=\"https:\/\/www.digifai.com\/wp-content\/uploads\/2020\/05\/20200402_140914_kleiner.jpg 2500w, https:\/\/www.digifai.com\/wp-content\/uploads\/2020\/05\/20200402_140914_kleiner-300x225.jpg 300w, https:\/\/www.digifai.com\/wp-content\/uploads\/2020\/05\/20200402_140914_kleiner-1024x768.jpg 1024w, https:\/\/www.digifai.com\/wp-content\/uploads\/2020\/05\/20200402_140914_kleiner-768x576.jpg 768w, https:\/\/www.digifai.com\/wp-content\/uploads\/2020\/05\/20200402_140914_kleiner-1536x1152.jpg 1536w, https:\/\/www.digifai.com\/wp-content\/uploads\/2020\/05\/20200402_140914_kleiner-560x420.jpg 560w, https:\/\/www.digifai.com\/wp-content\/uploads\/2020\/05\/20200402_140914_kleiner-900x675.jpg 900w, https:\/\/www.digifai.com\/wp-content\/uploads\/2020\/05\/20200402_140914_kleiner-1920x1440.jpg 1920w\" sizes=\"auto, (max-width: 2500px) 100vw, 2500px\" \/><\/div>  <div class=\"eut-content eut-position-left eut-align-left\"><h2 class=\"eut-title eut-heading-color eut-h4\">Jumpstart virtuelle Inbetriebnahme<\/h2>  <p class=\"eut-description\">Neu im Thema? Wir unterst\u00fctzen Sie bei der Erstellung der notwendigen Simulationsmodelle, damit Sie sofort durchstarten k\u00f6nnen.<\/p><a href=\"https:\/\/www.digifai.com\/de\/service\/jumpstart-virtuelle-inbetriebnahme\/\" title=\"Jumpstart virtuelle Inbetriebnahme\" class=\"eut-link-text eut-read-more webinare-textbutton\">mehr erfahren<\/a>  <\/div><\/div><div class=\"eut-empty-space eut-height-4x\" style=\"\"><\/div>[\/vc_column][\/vc_row][vc_row][vc_column]<div class=\"templatera_shortcode\"><div class=\"eut-section eut-row-section eut-fullwidth-background eut-bg-none eut-headings-light eut-custom-height eut-middle-content eas-background--transparent eas-parentcontainer--fullwidth\" data-tablet-portrait-equal-columns=\"false\" data-mobile-equal-columns=\"false\"><div class=\"eut-container\"><div class=\"eut-row eut-bookmark eut-columns-gap-30\"><div class=\"eut-column wpb_column eut-column-1-2 eut-headings-primary-1 eut-tablet-sm-column-1\"  style=\"color:#0a3b61;\" ><div class=\"eut-column-wrapper\" ><h3 class=\"eut-element eut-title eut-align-left eut-subtitle-text subhead\" style=\"margin-bottom: 20px;\"><span>\r\n<p style=\"text-align: left;\">\/\/ Kontakt<br>\r\n<\/span><\/h3><h2 class=\"eut-element eut-title eut-align-left eut-h2\" style=\"\"><span>Lernen Sie uns kennen<\/span><\/h2><div class=\"eut-element eut-text vc_custom_1592983044497\">\r\n\t\t\t<p>Wir helfen Ihnen dabei, Ihre Systeme zu digifizieren, intelligent zu machen. Damit Sie mehr von den Daten haben, die ohnehin verf\u00fcgbar sind. Wie wir Ihnen weiterhelfen k\u00f6nnen, besprechen wir gerne pers\u00f6nlich mit Ihnen.<\/p>\n\r\n\t\t<\/div>\r\n\t<div class=\"eut-row-inner eut-bookmark vc_custom_1592983557677\">\r\n\t\t<div class=\"eut-column-inner wpb_column eut-column-1-3 eut-mobile-column-1-3\">\r\n\t\t\t<div class=\"eut-column-wrapper-inner vc_custom_1593066823278\">\r\n\t\t\t<div class=\"eut-element eut-image kontakt-image eut-align-left\" style=\"\">  <div class=\"eut-image-wrapper\"><img loading=\"lazy\" decoding=\"async\" width=\"560\" height=\"560\" src=\"https:\/\/www.digifai.com\/wp-content\/uploads\/2020\/06\/Portrait_Michael_Eberle_1x1_800p_20260125-560x560.png\" class=\"eut-circle attachment-fildisi-eutf-small-square size-fildisi-eutf-small-square\" alt=\"Michael Eberle \u2013 digifai\" srcset=\"https:\/\/www.digifai.com\/wp-content\/uploads\/2020\/06\/Portrait_Michael_Eberle_1x1_800p_20260125-560x560.png 560w, https:\/\/www.digifai.com\/wp-content\/uploads\/2020\/06\/Portrait_Michael_Eberle_1x1_800p_20260125-300x300.png 300w, https:\/\/www.digifai.com\/wp-content\/uploads\/2020\/06\/Portrait_Michael_Eberle_1x1_800p_20260125-150x150.png 150w, https:\/\/www.digifai.com\/wp-content\/uploads\/2020\/06\/Portrait_Michael_Eberle_1x1_800p_20260125-768x768.png 768w, https:\/\/www.digifai.com\/wp-content\/uploads\/2020\/06\/Portrait_Michael_Eberle_1x1_800p_20260125.png 800w\" sizes=\"auto, (max-width: 560px) 100vw, 560px\" \/>   <\/div><\/div>\r\n\t\t\t<\/div>\r\n\t\t<\/div>\r\n\t\r\n\t\t<div class=\"eut-column-inner wpb_column eut-column-2-3\">\r\n\t\t\t<div class=\"eut-column-wrapper-inner\">\r\n\t\t\t<div class=\"eut-element eut-text vc_custom_1769767148463\">\r\n\t\t\t<p class=\"p1\"><strong><span class=\"s1\">Michael Eberle<br \/>\n<\/span><\/strong><span class=\"s1\">Head of digifai<br \/>\n<\/span><span class=\"s1\">+43 5572 55580 803<\/span><br \/>\n<a class=\"blue-link\" href=\"mailto:michael.eberle@digifai.com\" target=\"_blank\" rel=\"noopener noreferrer\">michael.eberle@digifai.com<\/a><\/p>\n\r\n\t\t<\/div>\r\n\t\r\n\t\t\t<\/div>\r\n\t\t<\/div>\r\n\t<\/div><div class=\"eut-empty-space eut-height-1x\" style=\"\"><\/div><\/div><\/div><div class=\"eut-column wpb_column eut-column-1-2 eut-headings-dark eut-tablet-sm-column-1 formular\"  style=\"color:#000000;\" ><div class=\"eut-column-wrapper vc_custom_1593067217665 eut-drop-shadow-large\" >\n<div class=\"wpcf7 no-js\" id=\"wpcf7-f262-o1\" lang=\"de-DE\" dir=\"ltr\" data-wpcf7-id=\"262\">\n<div class=\"screen-reader-response\"><p role=\"status\" aria-live=\"polite\" aria-atomic=\"true\"><\/p> <ul><\/ul><\/div>\n<form action=\"\/de\/wp-json\/wp\/v2\/pages\/1200#wpcf7-f262-o1\" method=\"post\" class=\"wpcf7-form init\" aria-label=\"Kontaktformular\" novalidate=\"novalidate\" data-status=\"init\">\n<fieldset class=\"hidden-fields-container\"><input type=\"hidden\" name=\"_wpcf7\" value=\"262\" \/><input type=\"hidden\" name=\"_wpcf7_version\" value=\"6.1.5\" \/><input type=\"hidden\" name=\"_wpcf7_locale\" value=\"de_DE\" \/><input type=\"hidden\" name=\"_wpcf7_unit_tag\" value=\"wpcf7-f262-o1\" \/><input type=\"hidden\" name=\"_wpcf7_container_post\" value=\"0\" \/><input type=\"hidden\" name=\"_wpcf7_posted_data_hash\" value=\"\" \/>\n<\/fieldset>\n<div class=\"eut-form eut-fields-round eut-align-left\">\n\t<div class=\"eut-fields-wrapper\">\n\t\t<div class=\"formular\">\n\t\t\t<p><label class=\"label-2\">Vorname* <span class=\"wpcf7-form-control-wrap\" data-name=\"your-firstname\"><input size=\"40\" maxlength=\"400\" class=\"wpcf7-form-control wpcf7-text wpcf7-validates-as-required\" aria-required=\"true\" aria-invalid=\"false\" placeholder=\"Vorname\" value=\"\" type=\"text\" name=\"your-firstname\" \/><\/span><\/label>\n\t\t\t<\/p>\n\t\t<\/div>\n\t\t<div class=\"formular\">\n\t\t\t<p><label class=\"label-2\">Nachname* <span class=\"wpcf7-form-control-wrap\" data-name=\"your-lastname\"><input size=\"40\" maxlength=\"400\" class=\"wpcf7-form-control wpcf7-text wpcf7-validates-as-required\" aria-required=\"true\" aria-invalid=\"false\" placeholder=\"Nachname\" value=\"\" type=\"text\" name=\"your-lastname\" \/><\/span><\/label>\n\t\t\t<\/p>\n\t\t<\/div>\n\t\t<div class=\"formular\">\n\t\t\t<p><label class=\"label-2\">Firma* <span class=\"wpcf7-form-control-wrap\" data-name=\"your-company\"><input size=\"40\" maxlength=\"400\" class=\"wpcf7-form-control wpcf7-text wpcf7-validates-as-required\" aria-required=\"true\" aria-invalid=\"false\" placeholder=\"Firma\" value=\"\" type=\"text\" name=\"your-company\" \/><\/span><\/label>\n\t\t\t<\/p>\n\t\t<\/div>\n\t\t<div class=\"formular\">\n\t\t\t<p><label class=\"label-2\">E-Mail* <span class=\"wpcf7-form-control-wrap\" data-name=\"your-email\"><input size=\"40\" maxlength=\"400\" class=\"wpcf7-form-control wpcf7-email wpcf7-validates-as-required wpcf7-text wpcf7-validates-as-email\" aria-required=\"true\" aria-invalid=\"false\" placeholder=\"E-Mail\" value=\"\" type=\"email\" name=\"your-email\" \/><\/span><\/label>\n\t\t\t<\/p>\n\t\t<\/div>\n\t\t<div class=\"formular\">\n\t\t\t<p><label class=\"label-2\">Thema ausw\u00e4hlen <span class=\"wpcf7-form-control-wrap\" data-name=\"menu-184\"><select class=\"wpcf7-form-control wpcf7-select\" aria-invalid=\"false\" name=\"menu-184\"><option value=\"Erfassen von Betriebsdaten\">Erfassen von Betriebsdaten<\/option><option value=\"Simulation und virtuelle Inbetriebnahme\">Simulation und virtuelle Inbetriebnahme<\/option><\/select><\/span><\/label>\n\t\t\t<\/p>\n\t\t<\/div>\n\t\t<div class=\"formular\">\n\t\t\t<p><label class=\"label-2\">Nachricht* <span class=\"wpcf7-form-control-wrap\" data-name=\"your-message\"><textarea cols=\"40\" rows=\"10\" maxlength=\"2000\" class=\"wpcf7-form-control wpcf7-textarea wpcf7-validates-as-required\" aria-required=\"true\" aria-invalid=\"false\" placeholder=\"Nachricht\" name=\"your-message\"><\/textarea><\/span><\/label>\n\t\t\t<\/p>\n\t\t<\/div>\n\t\t<div class=\"formular\">\n\t\t\t<p><label class=\"label-2\">Nachricht* <span id=\"wpcf7-69f205819e731-wrapper\" class=\"wpcf7-form-control-wrap honeypot-518-wrap\" style=\"display:none !important; visibility:hidden !important;\"><input type=\"hidden\" name=\"honeypot-518-time-start\" value=\"1777468801\"><input type=\"hidden\" name=\"honeypot-518-time-check\" value=\"4\"><label for=\"wpcf7-69f205819e731-field\" class=\"hp-message\">Bitte lasse dieses Feld leer.<\/label><input id=\"wpcf7-69f205819e731-field\"  class=\"wpcf7-form-control wpcf7-text\" type=\"text\" name=\"honeypot-518\" value=\"\" size=\"40\" tabindex=\"-1\" autocomplete=\"new-password\" \/><\/span><\/label>\n\t\t\t<\/p>\n\t\t<\/div>\n\t\t<div class=\"checkbox\">\n\t\t\t<p><span class=\"wpcf7-form-control-wrap\" data-name=\"acceptance-540\"><span class=\"wpcf7-form-control wpcf7-acceptance\"><span class=\"wpcf7-list-item\"><label><input type=\"checkbox\" name=\"acceptance-540\" value=\"1\" aria-invalid=\"false\" \/><span class=\"wpcf7-list-item-label\">Ich habe die <a href=\"https:\/\/www.digifai.com\/datenschutz\/\">Datenschutzbestimmungen<\/a> gelesen und verstanden.<\/span><\/label><\/span><\/span><\/span>\n\t\t\t<\/p>\n\t\t<\/div>\n\t\t<div class=\"pflichtfeld\">\n\t\t\t<p>*Pflichtfeld\n\t\t\t<\/p>\n\t\t<\/div>\n\t\t<div>\n\t\t\t<p><input class=\"wpcf7-form-control wpcf7-submit has-spinner button-gradient\" type=\"submit\" value=\"Anfrage absenden\" \/>\n\t\t\t<\/p>\n\t\t<\/div>\n\t<\/div>\n<\/div>\n<p class='pugoru'><span class=\"wpcf7-form-control-wrap\" data-name=\"pugoru\"><input size=\"40\" maxlength=\"400\" class=\"wpcf7-form-control wpcf7-text\" aria-invalid=\"false\" value=\"\" type=\"text\" name=\"pugoru\" \/><\/span>\n<\/p>\n<p class='filuwi'><span class=\"wpcf7-form-control-wrap\" data-name=\"filuwi\"><input size=\"40\" maxlength=\"400\" class=\"wpcf7-form-control wpcf7-text\" aria-invalid=\"false\" value=\"\" type=\"text\" name=\"filuwi\" \/><\/span>\n<\/p><div class=\"wpcf7-response-output\" aria-hidden=\"true\"><\/div>\n<\/form>\n<\/div>\n<\/div><\/div><\/div><\/div><div class=\"eut-background-wrapper\"><\/div><\/div><\/div>[\/vc_column][\/vc_row][vc_row][vc_column]<div class=\"templatera_shortcode\"><div class=\"eut-section eut-row-section eut-fullwidth-background eut-bg-none\"><div class=\"eut-container\"><div class=\"eut-row eut-bookmark eut-columns-gap-30\"><div class=\"eut-column wpb_column eut-column-1\" ><div class=\"eut-column-wrapper\" >\t\t\t<div class=\"eut-modal-element mfp-hide eut-modal-dialog eut-bg-white eut-drop-shadow eut-content-large eut-headings-light\" id=\"demo\">\r\n\t\t\t\t<div class=\"eut-section eut-modal-section\">\r\n\t\t\t\t\t<div class=\"eut-container\">\r\n\t\t\t\t\t\t<div class=\"eut-row eut-columns-gap-30\">\r\n\t\t\t\t\t\t\t<div class=\"eut-column eut-column-1\">\r\n\t\t\t\t\t\t\t<div class=\"eut-row-inner eut-bookmark vc_custom_1601366007529\">\r\n\t\t<div class=\"eut-column-inner wpb_column eut-column-1\">\r\n\t\t\t<div class=\"eut-column-wrapper-inner\">\r\n\t\t\t<h3 class=\"eut-element eut-title eut-align-left eut-subtitle-text subhead\" style=\"margin-bottom: 20px;\"><span>\r\n<p style=\"text-align: left;\">\/\/ Demo anfragen<br>\r\n<\/span><\/h3><h2 class=\"eut-element eut-title eut-align-left eut-h3\" style=\"\"><span><span style=\"color: #0a3b61;\">Unsere Produkte haben Sie neugierig gemacht? Das freut uns! Gerne zeigen wir Ihnen die M\u00f6glichkeiten bei einer Live-Demonstration.\r\n<\/span><\/span><\/h2><div class=\"eut-empty-space eut-height-1x\" style=\"\"><\/div>\n<div class=\"wpcf7 no-js\" id=\"wpcf7-f730-o2\" lang=\"de-DE\" dir=\"ltr\" data-wpcf7-id=\"730\">\n<div class=\"screen-reader-response\"><p role=\"status\" aria-live=\"polite\" aria-atomic=\"true\"><\/p> <ul><\/ul><\/div>\n<form action=\"\/de\/wp-json\/wp\/v2\/pages\/1200#wpcf7-f730-o2\" method=\"post\" class=\"wpcf7-form init\" aria-label=\"Kontaktformular\" novalidate=\"novalidate\" data-status=\"init\">\n<fieldset class=\"hidden-fields-container\"><input type=\"hidden\" name=\"_wpcf7\" value=\"730\" \/><input type=\"hidden\" name=\"_wpcf7_version\" value=\"6.1.5\" \/><input type=\"hidden\" name=\"_wpcf7_locale\" value=\"de_DE\" \/><input type=\"hidden\" name=\"_wpcf7_unit_tag\" value=\"wpcf7-f730-o2\" \/><input type=\"hidden\" name=\"_wpcf7_container_post\" value=\"0\" \/><input type=\"hidden\" name=\"_wpcf7_posted_data_hash\" value=\"\" \/>\n<\/fieldset>\n<div class=\"eut-form eut-fields-round eut-align-left\">\n\t<div class=\"eut-fields-wrapper\">\n\t\t<div class=\"formular\">\n\t\t\t<p><label class=\"label-2\">Anrede <span class=\"wpcf7-form-control-wrap\" data-name=\"your-salutation\"><input size=\"40\" maxlength=\"400\" class=\"wpcf7-form-control wpcf7-text\" aria-invalid=\"false\" placeholder=\"Anrede\" value=\"\" type=\"text\" name=\"your-salutation\" \/><\/span><\/label>\n\t\t\t<\/p>\n\t\t<\/div>\n\t\t<div class=\"formular\">\n\t\t\t<p><label class=\"label-2\">Vorname* <span class=\"wpcf7-form-control-wrap\" data-name=\"your-firstname\"><input size=\"40\" maxlength=\"400\" class=\"wpcf7-form-control wpcf7-text wpcf7-validates-as-required\" aria-required=\"true\" aria-invalid=\"false\" placeholder=\"Vorname\" value=\"\" type=\"text\" name=\"your-firstname\" \/><\/span><\/label>\n\t\t\t<\/p>\n\t\t<\/div>\n\t\t<div class=\"formular\">\n\t\t\t<p><label class=\"label-2\">Nachname* <span class=\"wpcf7-form-control-wrap\" data-name=\"your-lastname\"><input size=\"40\" maxlength=\"400\" class=\"wpcf7-form-control wpcf7-text wpcf7-validates-as-required\" aria-required=\"true\" aria-invalid=\"false\" placeholder=\"Nachname\" value=\"\" type=\"text\" name=\"your-lastname\" \/><\/span><\/label>\n\t\t\t<\/p>\n\t\t<\/div>\n\t\t<div class=\"formular\">\n\t\t\t<p><label class=\"label-2\">Firma* <span class=\"wpcf7-form-control-wrap\" data-name=\"your-company\"><input size=\"40\" maxlength=\"400\" class=\"wpcf7-form-control wpcf7-text wpcf7-validates-as-required\" aria-required=\"true\" aria-invalid=\"false\" placeholder=\"Firma\" value=\"\" type=\"text\" name=\"your-company\" \/><\/span><\/label>\n\t\t\t<\/p>\n\t\t<\/div>\n\t\t<div class=\"formular\">\n\t\t\t<p><label class=\"label-2\">E-Mail* <span class=\"wpcf7-form-control-wrap\" data-name=\"your-email\"><input size=\"40\" maxlength=\"400\" class=\"wpcf7-form-control wpcf7-email wpcf7-validates-as-required wpcf7-text wpcf7-validates-as-email\" aria-required=\"true\" aria-invalid=\"false\" placeholder=\"E-Mail\" value=\"\" type=\"email\" name=\"your-email\" \/><\/span><\/label>\n\t\t\t<\/p>\n\t\t<\/div>\n\t\t<div class=\"formular\">\n\t\t\t<p><label class=\"label-2\">Produkt <span class=\"wpcf7-form-control-wrap\" data-name=\"product-menu\"><select class=\"wpcf7-form-control wpcf7-select\" aria-invalid=\"false\" name=\"product-menu\"><option value=\"twin - Virtuelle Inbetriebnahme am digitalen Zwilling\">twin - Virtuelle Inbetriebnahme am digitalen Zwilling<\/option><option value=\"control - Die IoT Plattform\">control - Die IoT Plattform<\/option><option value=\"storage - Der Profi in der K\u00e4sekellerlogistik\">storage - Der Profi in der K\u00e4sekellerlogistik<\/option><\/select><\/span><\/label>\n\t\t\t<\/p>\n\t\t<\/div>\n\t\t<div class=\"formular\">\n\t\t\t<p><label class=\"label-2\">Nachricht <span class=\"wpcf7-form-control-wrap\" data-name=\"your-message\"><textarea cols=\"40\" rows=\"10\" maxlength=\"2000\" class=\"wpcf7-form-control wpcf7-textarea\" aria-invalid=\"false\" placeholder=\"Nachricht\" name=\"your-message\"><\/textarea><\/span><\/label>\n\t\t\t<\/p>\n\t\t<\/div>\n\t\t<div class=\"formular\">\n\t\t\t<p><label class=\"label-2\">Nachricht* <span id=\"wpcf7-69f20581a0262-wrapper\" class=\"wpcf7-form-control-wrap honeypot-258-wrap\" style=\"display:none !important; visibility:hidden !important;\"><input type=\"hidden\" name=\"honeypot-258-time-start\" value=\"1777468801\"><input type=\"hidden\" name=\"honeypot-258-time-check\" value=\"4\"><label for=\"wpcf7-69f20581a0262-field\" class=\"hp-message\">Bitte lasse dieses Feld leer.<\/label><input id=\"wpcf7-69f20581a0262-field\"  class=\"wpcf7-form-control wpcf7-text\" type=\"text\" name=\"honeypot-258\" value=\"\" size=\"40\" tabindex=\"-1\" autocomplete=\"new-password\" \/><\/span><\/label>\n\t\t\t<\/p>\n\t\t<\/div>\n\t\t<div class=\"checkbox\">\n\t\t\t<p><span class=\"wpcf7-form-control-wrap\" data-name=\"acceptance-540\"><span class=\"wpcf7-form-control wpcf7-acceptance\"><span class=\"wpcf7-list-item\"><label><input type=\"checkbox\" name=\"acceptance-540\" value=\"1\" aria-invalid=\"false\" \/><span class=\"wpcf7-list-item-label\">Ich habe die <a href=\"https:\/\/www.digifai.com\/datenschutz\/\">Datenschutzbestimmungen<\/a> gelesen und verstanden.<\/span><\/label><\/span><\/span><\/span>\n\t\t\t<\/p>\n\t\t<\/div>\n\t\t<div class=\"pflichtfeld\">\n\t\t\t<p>*Pflichtfeld\n\t\t\t<\/p>\n\t\t<\/div>\n\t\t<div>\n\t\t\t<p><input class=\"wpcf7-form-control wpcf7-submit has-spinner button-gradient\" type=\"submit\" value=\"Anfrage absenden\" \/>\n\t\t\t<\/p>\n\t\t<\/div>\n\t<\/div>\n<\/div>\n<p class='cahaba'><span class=\"wpcf7-form-control-wrap\" data-name=\"cahaba\"><input size=\"40\" maxlength=\"400\" class=\"wpcf7-form-control wpcf7-text\" aria-invalid=\"false\" value=\"\" type=\"text\" name=\"cahaba\" \/><\/span>\n<\/p>\n<p class='wumidi'><span class=\"wpcf7-form-control-wrap\" data-name=\"wumidi\"><input size=\"40\" maxlength=\"400\" class=\"wpcf7-form-control wpcf7-text\" aria-invalid=\"false\" value=\"\" type=\"text\" name=\"wumidi\" \/><\/span>\n<\/p><div class=\"wpcf7-response-output\" aria-hidden=\"true\"><\/div>\n<\/form>\n<\/div>\n\r\n\t\t\t<\/div>\r\n\t\t<\/div>\r\n\t<\/div>\t\t\t\t\t\t\t<\/div>\r\n\t\t\t\t\t\t<\/div>\r\n\t\t\t\t\t<\/div>\r\n\t\t\t\t<\/div>\r\n\t\t\t<\/div>\r\n\t\t<\/div><\/div><\/div><\/div><div class=\"eut-background-wrapper\"><\/div><\/div><\/div>[\/vc_column][\/vc_row]<\/p>\n<\/div>","protected":false},"excerpt":{"rendered":"Service \/\/ ServiceUnser Serviceangebot f\u00fcr Sie Wir sind f\u00fcr Sie da und helfen weiter. Egal ob Sie Beratungen zu unseren Produkten und L\u00f6sungen m\u00f6chten, vertiefende Schulungen suchen oder an unseren Dienstleistungen f\u00fcr die Digifizierung ihrer Systeme interessiert sind. Schulungen &amp; kostenlose Beratung Lernen Sie den Nutzen unserer Produkte live kennen. Unser Expertenteam zeigt Ihnen, was [...]","protected":false},"author":5,"featured_media":0,"parent":0,"menu_order":0,"comment_status":"closed","ping_status":"open","template":"","meta":{"footnotes":""},"class_list":["post-1200","page","type-page","status-publish","hentry"],"acf":[],"_links":{"self":[{"href":"https:\/\/www.digifai.com\/de\/wp-json\/wp\/v2\/pages\/1200","targetHints":{"allow":["GET"]}}],"collection":[{"href":"https:\/\/www.digifai.com\/de\/wp-json\/wp\/v2\/pages"}],"about":[{"href":"https:\/\/www.digifai.com\/de\/wp-json\/wp\/v2\/types\/page"}],"author":[{"embeddable":true,"href":"https:\/\/www.digifai.com\/de\/wp-json\/wp\/v2\/users\/5"}],"replies":[{"embeddable":true,"href":"https:\/\/www.digifai.com\/de\/wp-json\/wp\/v2\/comments?post=1200"}],"version-history":[{"count":30,"href":"https:\/\/www.digifai.com\/de\/wp-json\/wp\/v2\/pages\/1200\/revisions"}],"predecessor-version":[{"id":7259,"href":"https:\/\/www.digifai.com\/de\/wp-json\/wp\/v2\/pages\/1200\/revisions\/7259"}],"wp:attachment":[{"href":"https:\/\/www.digifai.com\/de\/wp-json\/wp\/v2\/media?parent=1200"}],"curies":[{"name":"wp","href":"https:\/\/api.w.org\/{rel}","templated":true}]}}